{"id":101,"date":"2023-06-14T16:56:08","date_gmt":"2023-06-14T14:56:08","guid":{"rendered":"https:\/\/jimtosecuriteprivee.com\/?page_id=101"},"modified":"2025-06-12T14:13:41","modified_gmt":"2025-06-12T12:13:41","slug":"contact","status":"publish","type":"page","link":"https:\/\/jimtosecuriteprivee.com\/?page_id=101","title":{"rendered":"Contact"},"content":{"rendered":"\n\n\t<section class=\"section dark\" id=\"section_1673689067\">\n\t\t<div class=\"section-bg fill\" >\n\t\t\t<img decoding=\"async\" width=\"2560\" height=\"1707\" data-src=\"https:\/\/jimtosecuriteprivee.com\/wp-content\/uploads\/2025\/06\/Contact-Jimto-Securite-Privee-scaled.jpg\" class=\"bg attachment-original size-original lazyload\" alt=\"Contact -Jimto Securite Privee\" src=\"data:image\/gif;base64,R0lGODlhAQABAAAAACH5BAEKAAEALAAAAAABAAEAAAICTAEAOw==\" style=\"--smush-placeholder-width: 2560px; --smush-placeholder-aspect-ratio: 2560\/1707;\" \/>\t\t\t\t\t\t<div class=\"section-bg-overlay absolute fill\"><\/div>\n\t\t\t\n\n\t\t<\/div>\n\n\t\t\n\n\t\t<div class=\"section-content relative\">\n\t\t\t\n\n<div class=\"row\"  id=\"row-1161698383\">\n\n\n\t<div id=\"col-1247531070\" class=\"col small-12 large-12\"  >\n\t\t\t\t<div class=\"col-inner text-center text-shadow-5\"  >\n\t\t\t\n\t\t\t\n\n\t<div id=\"text-760179483\" class=\"text\">\n\t\t\n\n<h1 class=\"uppercase\" style=\"font-size: 200%;\">Contactez-nous<\/h1>\n\t\t\n<style>\n#text-760179483 {\n  font-size: 1.25rem;\n}\n<\/style>\n\t<\/div>\n\t\n<p><span style=\"font-size: 130%;\">Vous avez une question ou vous souhaitez obtenir des informations, retrouvez nos supports de contact ci-dessous&#8230;<\/span><\/p>\n\n\t\t<\/div>\n\t\t\t\t\n<style>\n#col-1247531070 > .col-inner {\n  padding: 20px 0px 0px 0px;\n}\n<\/style>\n\t<\/div>\n\n\t\n\n<\/div>\n\n\t\t<\/div>\n\n\t\t\n<style>\n#section_1673689067 {\n  padding-top: 140px;\n  padding-bottom: 140px;\n  min-height: 500px;\n  background-color: rgb(0,0,0);\n}\n#section_1673689067 .section-bg-overlay {\n  background-color: rgba(0, 0, 0, 0.169);\n}\n#section_1673689067 .section-bg img {\n  object-position: 48% 50%;\n}\n<\/style>\n\t<\/section>\n\t\n\n\t<section class=\"section\" id=\"section_1629290110\">\n\t\t<div class=\"section-bg fill\" >\n\t\t\t\t\t\t\t\t\t\n\t\t\t\n\n\t\t<\/div>\n\n\t\t\n\n\t\t<div class=\"section-content relative\">\n\t\t\t\n\n<div class=\"row\"  id=\"row-685291100\">\n\n\n\t<div id=\"col-655357586\" class=\"col small-12 large-12\"  >\n\t\t\t\t<div class=\"col-inner\"  >\n\t\t\t\n\t\t\t\n\n<div class=\"row align-equal\"  id=\"row-1304738309\">\n\n\n\t<div id=\"col-1725207444\" class=\"col medium-6 small-12 large-6\"  >\n\t\t\t\t<div class=\"col-inner text-center\"  >\n\t\t\t\n\t\t\t\n\n\n\t<a class=\"plain\" href=\"tel:+33625181443\" >\t<div class=\"icon-box featured-box icon-box-center text-center\"  >\n\t\t\t\t\t<div class=\"icon-box-img\" style=\"width: 76px\">\n\t\t\t\t<div class=\"icon\">\n\t\t\t\t\t<div class=\"icon-inner\" >\n\t\t\t\t\t\t<img decoding=\"async\" width=\"300\" height=\"300\" data-src=\"https:\/\/jimtosecuriteprivee.com\/wp-content\/uploads\/2023\/06\/telephone-bleue-contact-Jimto-Formation-Securite-300x300.png\" class=\"attachment-medium size-medium lazyload\" alt=\"t\u00e9l\u00e9phone bleue - contact-Jimto Securite Priv\u00e9e\" data-srcset=\"https:\/\/jimtosecuriteprivee.com\/wp-content\/uploads\/2023\/06\/telephone-bleue-contact-Jimto-Formation-Securite-300x300.png 300w, https:\/\/jimtosecuriteprivee.com\/wp-content\/uploads\/2023\/06\/telephone-bleue-contact-Jimto-Formation-Securite-150x150.png 150w, https:\/\/jimtosecuriteprivee.com\/wp-content\/uploads\/2023\/06\/telephone-bleue-contact-Jimto-Formation-Securite-100x100.png 100w, https:\/\/jimtosecuriteprivee.com\/wp-content\/uploads\/2023\/06\/telephone-bleue-contact-Jimto-Formation-Securite.png 512w\" data-sizes=\"(max-width: 300px) 100vw, 300px\" src=\"data:image\/gif;base64,R0lGODlhAQABAAAAACH5BAEKAAEALAAAAAABAAEAAAICTAEAOw==\" style=\"--smush-placeholder-width: 300px; --smush-placeholder-aspect-ratio: 300\/300;\" \/>\t\t\t\t\t<\/div>\n\t\t\t\t<\/div>\n\t\t\t<\/div>\n\t\t\t\t<div class=\"icon-box-text last-reset\">\n\t\t\t\t\t\t\t\t\t\n\n\t<div id=\"text-2955718556\" class=\"text\">\n\t\t\n\n<h3><span style=\"color: #081f53;\">Par t\u00e9l\u00e9phone<\/span><\/h3>\n<p>Pour en savoir plus sur nos prestations et nos tarifs.<\/p>\n\t\t\n<style>\n#text-2955718556 {\n  color: rgb(0,0,0);\n}\n#text-2955718556 > * {\n  color: rgb(0,0,0);\n}\n<\/style>\n\t<\/div>\n\t\n\t<div id=\"gap-1576268650\" class=\"gap-element clearfix\" style=\"display:block; height:auto;\">\n\t\t\n<style>\n#gap-1576268650 {\n  padding-top: 20px;\n}\n<\/style>\n\t<\/div>\n\t\n\n<a href=\"tel:+33625181443\" class=\"button primary box-shadow-3-hover\"  style=\"border-radius:7px;\">\n\t\t<span>06 25 18 14 43<\/span>\n\t<\/a>\n\n\n\n\t\t<\/div>\n\t<\/div>\n\t<\/a>\n\t\n\n\t\t<\/div>\n\t\t\t\t\n<style>\n#col-1725207444 > .col-inner {\n  border-radius: 7px;\n}\n<\/style>\n\t<\/div>\n\n\t\n\n\t<div id=\"col-905224348\" class=\"col medium-6 small-12 large-6\"  >\n\t\t\t\t<div class=\"col-inner text-center\"  >\n\t\t\t\n\t\t\t\n\n\n\t\t<div class=\"icon-box featured-box icon-box-center text-center\"  >\n\t\t\t\t\t<div class=\"icon-box-img\" style=\"width: 83px\">\n\t\t\t\t<div class=\"icon\">\n\t\t\t\t\t<div class=\"icon-inner\" >\n\t\t\t\t\t\t<img decoding=\"async\" width=\"300\" height=\"300\" data-src=\"https:\/\/jimtosecuriteprivee.com\/wp-content\/uploads\/2023\/06\/e-mail-bleue-Contact-Pour-plus-dinformations-Jimto-Formation-Securite-300x300.png\" class=\"attachment-medium size-medium lazyload\" alt=\"e-mail bleue - Contact -Jimto Securite Priv\u00e9e\" data-srcset=\"https:\/\/jimtosecuriteprivee.com\/wp-content\/uploads\/2023\/06\/e-mail-bleue-Contact-Pour-plus-dinformations-Jimto-Formation-Securite-300x300.png 300w, https:\/\/jimtosecuriteprivee.com\/wp-content\/uploads\/2023\/06\/e-mail-bleue-Contact-Pour-plus-dinformations-Jimto-Formation-Securite-150x150.png 150w, https:\/\/jimtosecuriteprivee.com\/wp-content\/uploads\/2023\/06\/e-mail-bleue-Contact-Pour-plus-dinformations-Jimto-Formation-Securite-100x100.png 100w, https:\/\/jimtosecuriteprivee.com\/wp-content\/uploads\/2023\/06\/e-mail-bleue-Contact-Pour-plus-dinformations-Jimto-Formation-Securite.png 512w\" data-sizes=\"(max-width: 300px) 100vw, 300px\" src=\"data:image\/gif;base64,R0lGODlhAQABAAAAACH5BAEKAAEALAAAAAABAAEAAAICTAEAOw==\" style=\"--smush-placeholder-width: 300px; --smush-placeholder-aspect-ratio: 300\/300;\" \/>\t\t\t\t\t<\/div>\n\t\t\t\t<\/div>\n\t\t\t<\/div>\n\t\t\t\t<div class=\"icon-box-text last-reset\">\n\t\t\t\t\t\t\t\t\t\n\n\t<div id=\"text-2539959691\" class=\"text\">\n\t\t\n\n<h3><span style=\"color: #081f53;\">Par mail<\/span><\/h3>\n<p>Pour toutes questions relatives \u00e0 l&rsquo;entreprise.<\/p>\n\t\t\n<style>\n#text-2539959691 {\n  color: rgb(0,0,0);\n}\n#text-2539959691 > * {\n  color: rgb(0,0,0);\n}\n<\/style>\n\t<\/div>\n\t\n\t<div id=\"gap-350196320\" class=\"gap-element clearfix\" style=\"display:block; height:auto;\">\n\t\t\n<style>\n#gap-350196320 {\n  padding-top: 20px;\n}\n<\/style>\n\t<\/div>\n\t\n\n\n\t\t<\/div>\n\t<\/div>\n\t\n\t\n<a href=\"mailto:contact@jimtosecuriteprivee.com\" class=\"button primary\"  style=\"border-radius:7px;\">\n\t\t<span>Envoyer un mail<\/span>\n\t<\/a>\n\n\n\n\t\t<\/div>\n\t\t\t\t\n<style>\n#col-905224348 > .col-inner {\n  border-radius: 7px;\n}\n<\/style>\n\t<\/div>\n\n\t\n\n\t<div id=\"col-1319075288\" class=\"col small-12 large-12\"  >\n\t\t\t\t<div class=\"col-inner text-center\" style=\"background-color:rgb(255,255,255);\" >\n\t\t\t\n\t\t\t\n\n\t<div id=\"text-2591769566\" class=\"text\">\n\t\t\n\n<h4>Faites nous part de vos demandes, vos suggestions et\/ou vos remarques<\/h4>\n\t\t\n<style>\n#text-2591769566 {\n  font-size: 1.3rem;\n  color: #081f53;\n}\n#text-2591769566 > * {\n  color: #081f53;\n}\n<\/style>\n\t<\/div>\n\t\n<div class=\"is-divider divider clearfix\" style=\"background-color:rgb(0, 37, 82);\"><\/div>\n\n<div class=\"row align-center\"  id=\"row-1865642074\">\n\n\n\t<div id=\"col-211159180\" class=\"col medium-11 small-12 large-9\"  >\n\t\t\t\t<div class=\"col-inner text-left\"  >\n\t\t\t\n\t\t\t\n\n\n<div class=\"wpcf7 no-js\" id=\"wpcf7-f6-o1\" lang=\"en-US\" dir=\"ltr\" data-wpcf7-id=\"6\">\n<div class=\"screen-reader-response\"><p role=\"status\" aria-live=\"polite\" aria-atomic=\"true\"><\/p> <ul><\/ul><\/div>\n<form action=\"\/index.php?rest_route=%2Fwp%2Fv2%2Fpages%2F101#wpcf7-f6-o1\" method=\"post\" class=\"wpcf7-form init\" aria-label=\"Contact form\" novalidate=\"novalidate\" data-status=\"init\">\n<fieldset class=\"hidden-fields-container\"><input type=\"hidden\" name=\"_wpcf7\" value=\"6\" \/><input type=\"hidden\" name=\"_wpcf7_version\" value=\"6.1.5\" \/><input type=\"hidden\" name=\"_wpcf7_locale\" value=\"en_US\" \/><input type=\"hidden\" name=\"_wpcf7_unit_tag\" value=\"wpcf7-f6-o1\" \/><input type=\"hidden\" name=\"_wpcf7_container_post\" value=\"0\" \/><input type=\"hidden\" name=\"_wpcf7_posted_data_hash\" value=\"\" \/>\n<\/fieldset>\n<p><label> Nom<br \/>\n<span class=\"wpcf7-form-control-wrap\" data-name=\"nom\"><input size=\"40\" maxlength=\"400\" class=\"wpcf7-form-control wpcf7-text wpcf7-validates-as-required\" autocomplete=\"nom\" aria-required=\"true\" aria-invalid=\"false\" value=\"\" type=\"text\" name=\"nom\" \/><\/span> <\/label>\n<\/p>\n<p><label> Pr\u00e9nom<br \/>\n<span class=\"wpcf7-form-control-wrap\" data-name=\"prenom\"><input size=\"40\" maxlength=\"400\" class=\"wpcf7-form-control wpcf7-text wpcf7-validates-as-required\" autocomplete=\"prenom\" aria-required=\"true\" aria-invalid=\"false\" value=\"\" type=\"text\" name=\"prenom\" \/><\/span> <\/label>\n<\/p>\n<p><label> Email<br \/>\n<span class=\"wpcf7-form-control-wrap\" data-name=\"Email\"><input size=\"40\" maxlength=\"400\" class=\"wpcf7-form-control wpcf7-email wpcf7-validates-as-required wpcf7-text wpcf7-validates-as-email\" autocomplete=\"email\" aria-required=\"true\" aria-invalid=\"false\" value=\"\" type=\"email\" name=\"Email\" \/><\/span> <\/label>\n<\/p>\n<p><label> Sujet<br \/>\n<span class=\"wpcf7-form-control-wrap\" data-name=\"Sujet\"><input size=\"40\" maxlength=\"400\" class=\"wpcf7-form-control wpcf7-text wpcf7-validates-as-required\" aria-required=\"true\" aria-invalid=\"false\" value=\"\" type=\"text\" name=\"Sujet\" \/><\/span> <\/label>\n<\/p>\n<p><label> Votre message<br \/>\n<span class=\"wpcf7-form-control-wrap\" data-name=\"votre-message\"><textarea cols=\"40\" rows=\"10\" maxlength=\"2000\" class=\"wpcf7-form-control wpcf7-textarea\" aria-invalid=\"false\" name=\"votre-message\"><\/textarea><\/span> <\/label>\n<\/p>\n<p><input class=\"wpcf7-form-control wpcf7-submit has-spinner\" type=\"submit\" value=\"Envoyer\" \/>\n<\/p><div class=\"wpcf7-response-output\" aria-hidden=\"true\"><\/div>\n<\/form>\n<\/div>\n\n\n\n\t\t<\/div>\n\t\t\t\t\t<\/div>\n\n\t\n\n<\/div>\n\n\t\t<\/div>\n\t\t\t\t\t<\/div>\n\n\t\n\n\n<style>\n#row-1304738309 > .col > .col-inner {\n  padding: 40px 40px 40px 40px;\n  background-color: rgb(255,255,255);\n}\n<\/style>\n<\/div>\n<div class=\"row\"  id=\"row-111481968\">\n\n\n\t<div id=\"col-325148893\" class=\"col small-12 large-12\"  >\n\t\t\t\t<div class=\"col-inner\"  >\n\t\t\t\n\t\t\t\n\n\n\n<iframe data-src=\"https:\/\/www.google.com\/maps\/embed?pb=!1m18!1m12!1m3!1d2619.2005022363032!2d1.7174329764388299!3d48.968707571347245!2m3!1f0!2f0!3f0!3m2!1i1024!2i768!4f13.1!3m3!1m2!1s0x47e6be421b1dbe7f%3A0x77f7b582e353d2c8!2s8%20Rue%20de%20Vert%2C%2078711%20Mantes-la-Ville!5e0!3m2!1sfr!2sfr!4v1687166315772!5m2!1sfr!2sfr\" width=\"1500\" height=\"450\" style=\"border:0;\" allowfullscreen=\"\" referrerpolicy=\"no-referrer-when-downgrade\" src=\"data:image\/gif;base64,R0lGODlhAQABAAAAACH5BAEKAAEALAAAAAABAAEAAAICTAEAOw==\" class=\"lazyload\" data-load-mode=\"1\"><\/iframe>\n\n\n\t\t<\/div>\n\t\t\t\t\t<\/div>\n\n\t\n\n<\/div>\n\n\t\t<\/div>\n\t\t\t\t\n<style>\n#col-655357586 > .col-inner {\n  margin: -100px 0px 0px 0px;\n}\n<\/style>\n\t<\/div>\n\n\t\n\n<\/div>\n\n\t\t<\/div>\n\n\t\t\n<style>\n#section_1629290110 {\n  padding-top: 30px;\n  padding-bottom: 30px;\n  background-color: rgb(0,0,0);\n}\n<\/style>\n\t<\/section>\n\t\n\n","protected":false},"excerpt":{"rendered":"","protected":false},"author":6,"featured_media":0,"parent":0,"menu_order":0,"comment_status":"closed","ping_status":"closed","template":"page-blank.php","meta":{"footnotes":""},"class_list":["post-101","page","type-page","status-publish","hentry"],"yoast_head":"<!-- This site is optimized with the Yoast SEO plugin v27.1.1 - https:\/\/yoast.com\/product\/yoast-seo-wordpress\/ -->\n<title>Contact - JIMTO S\u00c9CURIT\u00c9 PRIV\u00c9E<\/title>\n<meta name=\"robots\" content=\"index, follow, max-snippet:-1, max-image-preview:large, max-video-preview:-1\" \/>\n<link rel=\"canonical\" href=\"https:\/\/jimtosecuriteprivee.com\/?page_id=101\" \/>\n<meta property=\"og:locale\" content=\"fr_FR\" \/>\n<meta property=\"og:type\" content=\"article\" \/>\n<meta property=\"og:title\" content=\"Contact - JIMTO S\u00c9CURIT\u00c9 PRIV\u00c9E\" \/>\n<meta property=\"og:url\" content=\"https:\/\/jimtosecuriteprivee.com\/?page_id=101\" \/>\n<meta property=\"og:site_name\" content=\"JIMTO S\u00c9CURIT\u00c9 PRIV\u00c9E\" \/>\n<meta property=\"article:publisher\" content=\"https:\/\/www.facebook.com\/profile.php?id=100068974453959\" \/>\n<meta property=\"article:modified_time\" content=\"2025-06-12T12:13:41+00:00\" \/>\n<meta name=\"twitter:card\" content=\"summary_large_image\" \/>\n<meta name=\"twitter:label1\" content=\"Dur\u00e9e de lecture estim\u00e9e\" \/>\n\t<meta name=\"twitter:data1\" content=\"1 minute\" \/>\n<script type=\"application\/ld+json\" class=\"yoast-schema-graph\">{\"@context\":\"https:\/\/schema.org\",\"@graph\":[{\"@type\":\"WebPage\",\"@id\":\"https:\/\/jimtosecuriteprivee.com\/?page_id=101\",\"url\":\"https:\/\/jimtosecuriteprivee.com\/?page_id=101\",\"name\":\"Contact - JIMTO S\u00c9CURIT\u00c9 PRIV\u00c9E\",\"isPartOf\":{\"@id\":\"https:\/\/jimtosecuriteprivee.com\/#website\"},\"datePublished\":\"2023-06-14T14:56:08+00:00\",\"dateModified\":\"2025-06-12T12:13:41+00:00\",\"breadcrumb\":{\"@id\":\"https:\/\/jimtosecuriteprivee.com\/?page_id=101#breadcrumb\"},\"inLanguage\":\"fr-FR\",\"potentialAction\":[{\"@type\":\"ReadAction\",\"target\":[\"https:\/\/jimtosecuriteprivee.com\/?page_id=101\"]}]},{\"@type\":\"BreadcrumbList\",\"@id\":\"https:\/\/jimtosecuriteprivee.com\/?page_id=101#breadcrumb\",\"itemListElement\":[{\"@type\":\"ListItem\",\"position\":1,\"name\":\"Accueil\",\"item\":\"https:\/\/jimtosecuriteprivee.com\/\"},{\"@type\":\"ListItem\",\"position\":2,\"name\":\"Contact\"}]},{\"@type\":\"WebSite\",\"@id\":\"https:\/\/jimtosecuriteprivee.com\/#website\",\"url\":\"https:\/\/jimtosecuriteprivee.com\/\",\"name\":\"JIMTO S\u00c9CURIT\u00c9 PRIV\u00c9E\",\"description\":\"Un site utilisant WordPress\",\"publisher\":{\"@id\":\"https:\/\/jimtosecuriteprivee.com\/#organization\"},\"potentialAction\":[{\"@type\":\"SearchAction\",\"target\":{\"@type\":\"EntryPoint\",\"urlTemplate\":\"https:\/\/jimtosecuriteprivee.com\/?s={search_term_string}\"},\"query-input\":{\"@type\":\"PropertyValueSpecification\",\"valueRequired\":true,\"valueName\":\"search_term_string\"}}],\"inLanguage\":\"fr-FR\"},{\"@type\":\"Organization\",\"@id\":\"https:\/\/jimtosecuriteprivee.com\/#organization\",\"name\":\"JIMTO S\u00c9CURIT\u00c9 PRIV\u00c9E\",\"url\":\"https:\/\/jimtosecuriteprivee.com\/\",\"logo\":{\"@type\":\"ImageObject\",\"inLanguage\":\"fr-FR\",\"@id\":\"https:\/\/jimtosecuriteprivee.com\/#\/schema\/logo\/image\/\",\"url\":\"https:\/\/jimtosecuriteprivee.com\/wp-content\/uploads\/job-manager-uploads\/company_logo\/2023\/10\/logo-jimto-PhotoRoom.png\",\"contentUrl\":\"https:\/\/jimtosecuriteprivee.com\/wp-content\/uploads\/job-manager-uploads\/company_logo\/2023\/10\/logo-jimto-PhotoRoom.png\",\"width\":607,\"height\":815,\"caption\":\"JIMTO S\u00c9CURIT\u00c9 PRIV\u00c9E\"},\"image\":{\"@id\":\"https:\/\/jimtosecuriteprivee.com\/#\/schema\/logo\/image\/\"},\"sameAs\":[\"https:\/\/www.facebook.com\/profile.php?id=100068974453959\",\"https:\/\/www.tiktok.com\/@jimto_sf\",\"https:\/\/www.youtube.com\/@JIMTO-SF\"]}]}<\/script>\n<!-- \/ Yoast SEO plugin. -->","yoast_head_json":{"title":"Contact - JIMTO S\u00c9CURIT\u00c9 PRIV\u00c9E","robots":{"index":"index","follow":"follow","max-snippet":"max-snippet:-1","max-image-preview":"max-image-preview:large","max-video-preview":"max-video-preview:-1"},"canonical":"https:\/\/jimtosecuriteprivee.com\/?page_id=101","og_locale":"fr_FR","og_type":"article","og_title":"Contact - JIMTO S\u00c9CURIT\u00c9 PRIV\u00c9E","og_url":"https:\/\/jimtosecuriteprivee.com\/?page_id=101","og_site_name":"JIMTO S\u00c9CURIT\u00c9 PRIV\u00c9E","article_publisher":"https:\/\/www.facebook.com\/profile.php?id=100068974453959","article_modified_time":"2025-06-12T12:13:41+00:00","twitter_card":"summary_large_image","twitter_misc":{"Dur\u00e9e de lecture estim\u00e9e":"1 minute"},"schema":{"@context":"https:\/\/schema.org","@graph":[{"@type":"WebPage","@id":"https:\/\/jimtosecuriteprivee.com\/?page_id=101","url":"https:\/\/jimtosecuriteprivee.com\/?page_id=101","name":"Contact - JIMTO S\u00c9CURIT\u00c9 PRIV\u00c9E","isPartOf":{"@id":"https:\/\/jimtosecuriteprivee.com\/#website"},"datePublished":"2023-06-14T14:56:08+00:00","dateModified":"2025-06-12T12:13:41+00:00","breadcrumb":{"@id":"https:\/\/jimtosecuriteprivee.com\/?page_id=101#breadcrumb"},"inLanguage":"fr-FR","potentialAction":[{"@type":"ReadAction","target":["https:\/\/jimtosecuriteprivee.com\/?page_id=101"]}]},{"@type":"BreadcrumbList","@id":"https:\/\/jimtosecuriteprivee.com\/?page_id=101#breadcrumb","itemListElement":[{"@type":"ListItem","position":1,"name":"Accueil","item":"https:\/\/jimtosecuriteprivee.com\/"},{"@type":"ListItem","position":2,"name":"Contact"}]},{"@type":"WebSite","@id":"https:\/\/jimtosecuriteprivee.com\/#website","url":"https:\/\/jimtosecuriteprivee.com\/","name":"JIMTO S\u00c9CURIT\u00c9 PRIV\u00c9E","description":"Un site utilisant WordPress","publisher":{"@id":"https:\/\/jimtosecuriteprivee.com\/#organization"},"potentialAction":[{"@type":"SearchAction","target":{"@type":"EntryPoint","urlTemplate":"https:\/\/jimtosecuriteprivee.com\/?s={search_term_string}"},"query-input":{"@type":"PropertyValueSpecification","valueRequired":true,"valueName":"search_term_string"}}],"inLanguage":"fr-FR"},{"@type":"Organization","@id":"https:\/\/jimtosecuriteprivee.com\/#organization","name":"JIMTO S\u00c9CURIT\u00c9 PRIV\u00c9E","url":"https:\/\/jimtosecuriteprivee.com\/","logo":{"@type":"ImageObject","inLanguage":"fr-FR","@id":"https:\/\/jimtosecuriteprivee.com\/#\/schema\/logo\/image\/","url":"https:\/\/jimtosecuriteprivee.com\/wp-content\/uploads\/job-manager-uploads\/company_logo\/2023\/10\/logo-jimto-PhotoRoom.png","contentUrl":"https:\/\/jimtosecuriteprivee.com\/wp-content\/uploads\/job-manager-uploads\/company_logo\/2023\/10\/logo-jimto-PhotoRoom.png","width":607,"height":815,"caption":"JIMTO S\u00c9CURIT\u00c9 PRIV\u00c9E"},"image":{"@id":"https:\/\/jimtosecuriteprivee.com\/#\/schema\/logo\/image\/"},"sameAs":["https:\/\/www.facebook.com\/profile.php?id=100068974453959","https:\/\/www.tiktok.com\/@jimto_sf","https:\/\/www.youtube.com\/@JIMTO-SF"]}]}},"_links":{"self":[{"href":"https:\/\/jimtosecuriteprivee.com\/index.php?rest_route=\/wp\/v2\/pages\/101","targetHints":{"allow":["GET"]}}],"collection":[{"href":"https:\/\/jimtosecuriteprivee.com\/index.php?rest_route=\/wp\/v2\/pages"}],"about":[{"href":"https:\/\/jimtosecuriteprivee.com\/index.php?rest_route=\/wp\/v2\/types\/page"}],"author":[{"embeddable":true,"href":"https:\/\/jimtosecuriteprivee.com\/index.php?rest_route=\/wp\/v2\/users\/6"}],"replies":[{"embeddable":true,"href":"https:\/\/jimtosecuriteprivee.com\/index.php?rest_route=%2Fwp%2Fv2%2Fcomments&post=101"}],"version-history":[{"count":13,"href":"https:\/\/jimtosecuriteprivee.com\/index.php?rest_route=\/wp\/v2\/pages\/101\/revisions"}],"predecessor-version":[{"id":18399,"href":"https:\/\/jimtosecuriteprivee.com\/index.php?rest_route=\/wp\/v2\/pages\/101\/revisions\/18399"}],"wp:attachment":[{"href":"https:\/\/jimtosecuriteprivee.com\/index.php?rest_route=%2Fwp%2Fv2%2Fmedia&parent=101"}],"curies":[{"name":"wp","href":"https:\/\/api.w.org\/{rel}","templated":true}]}}