{"id":126,"date":"2023-06-15T11:53:16","date_gmt":"2023-06-15T09:53:16","guid":{"rendered":"https:\/\/jimtosecuriteprivee.com\/?page_id=126"},"modified":"2023-09-18T11:51:21","modified_gmt":"2023-09-18T09:51:21","slug":"recrutement","status":"publish","type":"page","link":"https:\/\/jimtosecuriteprivee.com\/?page_id=126","title":{"rendered":"Recrutement"},"content":{"rendered":"\n\n  <div class=\"banner has-hover\" id=\"banner-1226235920\">\n          <div class=\"banner-inner fill\">\n        <div class=\"banner-bg fill\" >\n            <img decoding=\"async\" width=\"2560\" height=\"1488\" data-src=\"https:\/\/jimtosecuriteprivee.com\/wp-content\/uploads\/2023\/06\/job-scaled.jpeg\" class=\"bg attachment-original size-original lazyload\" alt=\"\" src=\"data:image\/gif;base64,R0lGODlhAQABAAAAACH5BAEKAAEALAAAAAABAAEAAAICTAEAOw==\" style=\"--smush-placeholder-width: 2560px; --smush-placeholder-aspect-ratio: 2560\/1488;\" \/>                        <div class=\"overlay\"><\/div>            \n                    <\/div>\n\t\t\n        <div class=\"banner-layers container\">\n            <div class=\"fill banner-link\"><\/div>            \n\n   <div id=\"text-box-673913179\" class=\"text-box banner-layer x50 md-x50 lg-x50 y50 md-y50 lg-y50 res-text\">\n                                <div class=\"text-box-content text dark\">\n              \n              <div class=\"text-inner text-center\">\n                  \n\n<h2 class=\"uppercase\" data-line-height=\"m\"><strong>D\u00e9posez votre candidature<\/strong><\/h2>\n<p data-line-height=\"m\">Vous souhaitez nous rejoindre?<\/p>\n<p data-line-height=\"xs\">Remplissez les champs et d\u00e9posez votre candidature ci-dessous.<\/p>\n\n              <\/div>\n           <\/div>\n                            \n<style>\n#text-box-673913179 {\n  width: 71%;\n}\n#text-box-673913179 .text-box-content {\n  font-size: 100%;\n}\n<\/style>\n    <\/div>\n \n\n        <\/div>\n      <\/div>\n\n            \n<style>\n#banner-1226235920 {\n  padding-top: 500px;\n}\n#banner-1226235920 .overlay {\n  background-color: rgba(0, 0, 0, 0.488);\n}\n<\/style>\n  <\/div>\n\n\n\n\t<section class=\"section\" id=\"section_974663295\">\n\t\t<div class=\"section-bg fill\" >\n\t\t\t\t\t\t\t\t\t\n\t\t\t\n\n\t\t<\/div>\n\n\t\t\n\n\t\t<div class=\"section-content relative\">\n\t\t\t\n\n<div class=\"row\"  id=\"row-1257043507\">\n\n\n\t<div id=\"col-1953357620\" class=\"col medium-6 small-12 large-6\"  >\n\t\t\t\t<div class=\"col-inner\"  >\n\t\t\t\n\t\t\t\n\n\n<div class=\"wpcf7 no-js\" id=\"wpcf7-f174-o1\" lang=\"fr-FR\" dir=\"ltr\" data-wpcf7-id=\"174\">\n<div class=\"screen-reader-response\"><p role=\"status\" aria-live=\"polite\" aria-atomic=\"true\"><\/p> <ul><\/ul><\/div>\n<form action=\"\/index.php?rest_route=%2Fwp%2Fv2%2Fpages%2F126#wpcf7-f174-o1\" method=\"post\" class=\"wpcf7-form init\" aria-label=\"Formulaire de contact\" enctype=\"multipart\/form-data\" novalidate=\"novalidate\" data-status=\"init\">\n<fieldset class=\"hidden-fields-container\"><input type=\"hidden\" name=\"_wpcf7\" value=\"174\" \/><input type=\"hidden\" name=\"_wpcf7_version\" value=\"6.1.5\" \/><input type=\"hidden\" name=\"_wpcf7_locale\" value=\"fr_FR\" \/><input type=\"hidden\" name=\"_wpcf7_unit_tag\" value=\"wpcf7-f174-o1\" \/><input type=\"hidden\" name=\"_wpcf7_container_post\" value=\"0\" \/><input type=\"hidden\" name=\"_wpcf7_posted_data_hash\" value=\"\" \/>\n<\/fieldset>\n<p><label>\n\t\t<font color=\"#446084\">Coordonn\u00e9es\n\t\t<\/font><\/label>\n<\/p>\n<p><span class=\"wpcf7-form-control-wrap\" data-name=\"checkbox-265\"><span class=\"wpcf7-form-control wpcf7-checkbox wpcf7-validates-as-required wpcf7-exclusive-checkbox\"><span class=\"wpcf7-list-item first\"><label><input type=\"checkbox\" name=\"checkbox-265\" value=\"M.\" \/><span class=\"wpcf7-list-item-label\">M.<\/span><\/label><\/span><span class=\"wpcf7-list-item last\"><label><input type=\"checkbox\" name=\"checkbox-265\" value=\"Mme.\" \/><span class=\"wpcf7-list-item-label\">Mme.<\/span><\/label><\/span><\/span><\/span>\n<\/p>\n<p><label> Nom*<br \/>\n<span class=\"wpcf7-form-control-wrap\" data-name=\"nom\"><input size=\"40\" maxlength=\"400\" class=\"wpcf7-form-control wpcf7-text wpcf7-validates-as-required\" aria-required=\"true\" aria-invalid=\"false\" value=\"\" type=\"text\" name=\"nom\" \/><\/span> <\/label>\n<\/p>\n<p><label> Pr\u00e9nom*<br \/>\n<span class=\"wpcf7-form-control-wrap\" data-name=\"prenom\"><input size=\"40\" maxlength=\"400\" class=\"wpcf7-form-control wpcf7-text wpcf7-validates-as-required\" aria-required=\"true\" aria-invalid=\"false\" value=\"\" type=\"text\" name=\"prenom\" \/><\/span> <\/label>\n<\/p>\n<p><label> T\u00e9l\u00e9phone*<br \/>\n<span class=\"wpcf7-form-control-wrap\" data-name=\"tel\"><input size=\"40\" maxlength=\"400\" class=\"wpcf7-form-control wpcf7-tel wpcf7-validates-as-required wpcf7-text wpcf7-validates-as-tel\" aria-required=\"true\" aria-invalid=\"false\" value=\"\" type=\"tel\" name=\"tel\" \/><\/span> <\/label>\n<\/p>\n<p><label> Votre e-mail*<br \/>\n<span class=\"wpcf7-form-control-wrap\" data-name=\"email\"><input size=\"40\" maxlength=\"400\" class=\"wpcf7-form-control wpcf7-email wpcf7-validates-as-required wpcf7-text wpcf7-validates-as-email\" aria-required=\"true\" aria-invalid=\"false\" value=\"\" type=\"email\" name=\"email\" \/><\/span> <\/label>\n<\/p>\n<p><label> Carte professionelle<br \/>\n<span class=\"wpcf7-form-control-wrap\" data-name=\"Carteprofessionelle\"><input size=\"40\" maxlength=\"400\" class=\"wpcf7-form-control wpcf7-text\" aria-invalid=\"false\" value=\"\" type=\"text\" name=\"Carteprofessionelle\" \/><\/span> <\/label>\n<\/p>\n<p><label> Adresse<br \/>\n<span class=\"wpcf7-form-control-wrap\" data-name=\"Adresse\"><input size=\"40\" maxlength=\"400\" class=\"wpcf7-form-control wpcf7-text wpcf7-validates-as-required\" aria-required=\"true\" aria-invalid=\"false\" value=\"Adresse\" type=\"text\" name=\"Adresse\" \/><\/span> <\/label>\n<\/p>\n<p><label> Code Postal<br \/>\n<span class=\"wpcf7-form-control-wrap\" data-name=\"codepostal\"><input size=\"40\" maxlength=\"400\" class=\"wpcf7-form-control wpcf7-text wpcf7-validates-as-required\" aria-required=\"true\" aria-invalid=\"false\" value=\"Code Postal\" type=\"text\" name=\"codepostal\" \/><\/span> <\/label>\n<\/p>\n<p><label> Ville<br \/>\n<span class=\"wpcf7-form-control-wrap\" data-name=\"ville\"><input size=\"40\" maxlength=\"400\" class=\"wpcf7-form-control wpcf7-text wpcf7-validates-as-required\" aria-required=\"true\" aria-invalid=\"false\" value=\"Ville\" type=\"text\" name=\"ville\" \/><\/span> <\/label>\n<\/p>\n<p><label>\n\t\t<font color=\"#446084\">Pi\u00e8ce jointes\n\t\t<\/font><\/label>\n<\/p>\n<p><label> Joindre un CV*<br \/>\n<span class=\"wpcf7-form-control-wrap\" data-name=\"fichier\"><input size=\"40\" class=\"wpcf7-form-control wpcf7-file wpcf7-validates-as-required\" accept=\".pdf\" aria-required=\"true\" aria-invalid=\"false\" type=\"file\" name=\"fichier\" \/><\/span><\/label>\n<\/p>\n<p><label> Joindre une lettre de motivation*<br \/>\n<span class=\"wpcf7-form-control-wrap\" data-name=\"Lettre\"><input size=\"40\" class=\"wpcf7-form-control wpcf7-file\" accept=\".pdf\" aria-invalid=\"false\" type=\"file\" name=\"Lettre\" \/><\/span><\/label>\n<\/p>\n<p><label>Joindre une Photo<br \/>\n<span class=\"wpcf7-form-control-wrap\" data-name=\"Photo\"><input size=\"40\" class=\"wpcf7-form-control wpcf7-file\" accept=\".pdf,.png,.jpg\" aria-invalid=\"false\" type=\"file\" name=\"Photo\" \/><\/span><\/label>\n<\/p>\n<p><label>\n\t\t<font color=\"#446084\">Informations\n\t\t<\/font><\/label>\n<\/p>\n<p><label> Langues<\/label><br \/>\n<span class=\"wpcf7-form-control-wrap\" data-name=\"checkbox-254\"><span class=\"wpcf7-form-control wpcf7-checkbox wpcf7-validates-as-required\"><span class=\"wpcf7-list-item first\"><label><input type=\"checkbox\" name=\"checkbox-254[]\" value=\"Fran\u00e7ais\" \/><span class=\"wpcf7-list-item-label\">Fran\u00e7ais<\/span><\/label><\/span><span class=\"wpcf7-list-item\"><label><input type=\"checkbox\" name=\"checkbox-254[]\" value=\"Anglais\" \/><span class=\"wpcf7-list-item-label\">Anglais<\/span><\/label><\/span><span class=\"wpcf7-list-item\"><label><input type=\"checkbox\" name=\"checkbox-254[]\" value=\"Allemand\" \/><span class=\"wpcf7-list-item-label\">Allemand<\/span><\/label><\/span><span class=\"wpcf7-list-item last\"><label><input type=\"checkbox\" name=\"checkbox-254[]\" value=\"Espagnol\" \/><span class=\"wpcf7-list-item-label\">Espagnol<\/span><\/label><\/span><\/span><\/span>\n<\/p>\n<p><label> Dipl\u00f4me*<\/label><br \/>\n<span class=\"wpcf7-form-control-wrap\" data-name=\"Diplome\"><span class=\"wpcf7-form-control wpcf7-checkbox wpcf7-validates-as-required\"><span class=\"wpcf7-list-item first\"><label><input type=\"checkbox\" name=\"Diplome[]\" value=\"PSGE (Agent de S\u00e9curit\u00e9 des Grands \u00c9v\u00e8nements)\" \/><span class=\"wpcf7-list-item-label\">PSGE (Agent de S\u00e9curit\u00e9 des Grands \u00c9v\u00e8nements)<\/span><\/label><\/span><span class=\"wpcf7-list-item\"><label><input type=\"checkbox\" name=\"Diplome[]\" value=\"APS (Agent de Pr\u00e9vention et de S\u00e9curit\u00e9)\" \/><span class=\"wpcf7-list-item-label\">APS (Agent de Pr\u00e9vention et de S\u00e9curit\u00e9)<\/span><\/label><\/span><span class=\"wpcf7-list-item\"><label><input type=\"checkbox\" name=\"Diplome[]\" value=\"Cynophile (Ma\u00eetre Chien)\" \/><span class=\"wpcf7-list-item-label\">Cynophile (Ma\u00eetre Chien)<\/span><\/label><\/span><span class=\"wpcf7-list-item\"><label><input type=\"checkbox\" name=\"Diplome[]\" value=\"Agent Rondier (Agent Mobile)\" \/><span class=\"wpcf7-list-item-label\">Agent Rondier (Agent Mobile)<\/span><\/label><\/span><span class=\"wpcf7-list-item\"><label><input type=\"checkbox\" name=\"Diplome[]\" value=\"SSIAP 1 (Agent d\u2019Exploitation)\" \/><span class=\"wpcf7-list-item-label\">SSIAP 1 (Agent d\u2019Exploitation)<\/span><\/label><\/span><span class=\"wpcf7-list-item\"><label><input type=\"checkbox\" name=\"Diplome[]\" value=\"SSIAP 2 (Chef d\u2019\u00c9quipe Incendie)\" \/><span class=\"wpcf7-list-item-label\">SSIAP 2 (Chef d\u2019\u00c9quipe Incendie)<\/span><\/label><\/span><span class=\"wpcf7-list-item last\"><label><input type=\"checkbox\" name=\"Diplome[]\" value=\"SSIAP 3 (Chef de Service s\u00e9curit\u00e9)\" \/><span class=\"wpcf7-list-item-label\">SSIAP 3 (Chef de Service s\u00e9curit\u00e9)<\/span><\/label><\/span><\/span><\/span>\n<\/p>\n<p><label> Observations<\/label><br \/>\n<span class=\"wpcf7-form-control-wrap\" data-name=\"Observations\"><textarea cols=\"40\" rows=\"10\" maxlength=\"2000\" class=\"wpcf7-form-control wpcf7-textarea\" aria-invalid=\"false\" name=\"Observations\"><\/textarea><\/span>\n<\/p>\n<p><input class=\"wpcf7-form-control wpcf7-submit has-spinner\" type=\"submit\" value=\"Envoyer\" \/>\n<\/p><div class=\"wpcf7-response-output\" aria-hidden=\"true\"><\/div>\n<\/form>\n<\/div>\n\n\n\n\t\t<\/div>\n\t\t\t\t\t<\/div>\n\n\t\n\n\t<div id=\"col-183243889\" class=\"col medium-6 small-12 large-6\"  >\n\t\t\t\t<div class=\"col-inner text-right\"  >\n\t\t\t\n\t\t\t\n\n  <div class=\"banner-grid-wrapper\">\n  <div id=\"banner-grid-1087748705\" class=\"banner-grid row row-grid row-xsmall\" data-packery-options=\"\">\n                      \n\n<div class=\"col grid-col large-6 grid-col-1-2\" ><div class=\"col-inner\">\n\n\n  <div class=\"banner has-hover\" id=\"banner-1286558087\">\n          <div class=\"banner-inner fill\">\n        <div class=\"banner-bg fill\" >\n            <img decoding=\"async\" width=\"1020\" height=\"657\" data-src=\"https:\/\/jimtosecuriteprivee.com\/wp-content\/uploads\/2023\/07\/secu2-1024x660.jpeg\" class=\"bg attachment-large size-large lazyload\" alt=\"\" src=\"data:image\/gif;base64,R0lGODlhAQABAAAAACH5BAEKAAEALAAAAAABAAEAAAICTAEAOw==\" style=\"--smush-placeholder-width: 1020px; --smush-placeholder-aspect-ratio: 1020\/657;\" \/>                                    \n                    <\/div>\n\t\t\n        <div class=\"banner-layers container\">\n            <div class=\"fill banner-link\"><\/div>            \n\n\n        <\/div>\n      <\/div>\n\n            \n<style>\n#banner-1286558087 {\n  padding-top: 500px;\n}\n<\/style>\n  <\/div>\n\n\n\n<\/div><\/div>\n<div class=\"col grid-col large-6 grid-col-1-2\" ><div class=\"col-inner\">\n\n\n  <div class=\"banner has-hover\" id=\"banner-801347720\">\n          <div class=\"banner-inner fill\">\n        <div class=\"banner-bg fill\" >\n            <img decoding=\"async\" width=\"683\" height=\"1024\" data-src=\"https:\/\/jimtosecuriteprivee.com\/wp-content\/uploads\/2023\/07\/stade-683x1024.jpg\" class=\"bg attachment-large size-large lazyload\" alt=\"\" src=\"data:image\/gif;base64,R0lGODlhAQABAAAAACH5BAEKAAEALAAAAAABAAEAAAICTAEAOw==\" style=\"--smush-placeholder-width: 683px; --smush-placeholder-aspect-ratio: 683\/1024;\" \/>                                    \n                    <\/div>\n\t\t\n        <div class=\"banner-layers container\">\n            <div class=\"fill banner-link\"><\/div>            \n\n\n        <\/div>\n      <\/div>\n\n            \n<style>\n#banner-801347720 {\n  padding-top: 500px;\n}\n<\/style>\n  <\/div>\n\n\n\n<\/div><\/div>\n<div class=\"col grid-col large-6 grid-col-1-2\" ><div class=\"col-inner\">\n\n\n  <div class=\"banner has-hover\" id=\"banner-202163087\">\n          <div class=\"banner-inner fill\">\n        <div class=\"banner-bg fill\" >\n            <img decoding=\"async\" width=\"265\" height=\"257\" data-src=\"https:\/\/jimtosecuriteprivee.com\/wp-content\/uploads\/2023\/07\/secu2-e1688976891212.png\" class=\"bg attachment-large size-large lazyload\" alt=\"\" src=\"data:image\/gif;base64,R0lGODlhAQABAAAAACH5BAEKAAEALAAAAAABAAEAAAICTAEAOw==\" style=\"--smush-placeholder-width: 265px; --smush-placeholder-aspect-ratio: 265\/257;\" \/>                                    \n                    <\/div>\n\t\t\n        <div class=\"banner-layers container\">\n            <div class=\"fill banner-link\"><\/div>            \n\n\n        <\/div>\n      <\/div>\n\n            \n<style>\n#banner-202163087 {\n  padding-top: 500px;\n}\n<\/style>\n  <\/div>\n\n\n\n<\/div><\/div>\n<div class=\"col grid-col large-6 grid-col-1-2\" ><div class=\"col-inner\">\n\n\n  <div class=\"banner has-hover\" id=\"banner-1120352486\">\n          <div class=\"banner-inner fill\">\n        <div class=\"banner-bg fill\" >\n            <img decoding=\"async\" width=\"557\" height=\"393\" data-src=\"https:\/\/jimtosecuriteprivee.com\/wp-content\/uploads\/2023\/07\/agent-cynophile-2.jpg\" class=\"bg attachment-large size-large lazyload\" alt=\"\" src=\"data:image\/gif;base64,R0lGODlhAQABAAAAACH5BAEKAAEALAAAAAABAAEAAAICTAEAOw==\" style=\"--smush-placeholder-width: 557px; --smush-placeholder-aspect-ratio: 557\/393;\" \/>                                    \n                    <\/div>\n\t\t\n        <div class=\"banner-layers container\">\n            <div class=\"fill banner-link\"><\/div>            \n\n\n        <\/div>\n      <\/div>\n\n            \n<style>\n#banner-1120352486 {\n  padding-top: 500px;\n}\n<\/style>\n  <\/div>\n\n\n\n<\/div><\/div>\n\n            <\/div>\n    <style>\n    #banner-grid-1087748705 .grid-col-1{height: 600px}\n    #banner-grid-1087748705 .grid-col-1-2{height: 300px}\n    #banner-grid-1087748705 .grid-col-1-3{height:200px}\n    #banner-grid-1087748705 .grid-col-2-3{height: 400px}\n    #banner-grid-1087748705 .grid-col-1-4{height: 150px}\n    #banner-grid-1087748705 .grid-col-3-4{height: 450px}\n\n\n    \n    \n\n  <\/style>\n    <\/div>\n  \n<div class=\"row\"  id=\"row-643380196\">\n\n\n\t<div id=\"col-974013765\" class=\"col small-12 large-12\"  >\n\t\t\t\t<div class=\"col-inner text-left\"  >\n\t\t\t\n\t\t\t\n\n\t<div id=\"text-1830087641\" class=\"text\">\n\t\t\n\n<p>AFIN DE RECEVOIR PRIORITAIREMENT ET R\u00c9GULIEREMENT NOS OFFRES DE MISSIONS, ABONNEZ-VOUS DES MAINTENANT \u00c0 NOS R\u00c9SEAUX SOCIAUX ET N\u2019OUBLIEZ PAS D\u2019ACTIVER LES CLOCHES DE NOTIFICTIONS .<\/p>\n<p>VOUS SEREZ INFORM\u00c9 INSTANTANN\u00c9MENT DE NOS NOUVELLES PUBLICATIONS<\/p>\n\t\t\n<style>\n#text-1830087641 {\n  font-size: 0.75rem;\n}\n<\/style>\n\t<\/div>\n\t\n<div class=\"social-icons follow-icons\" style=\"font-size:103%\"><a href=\"#\" target=\"_blank\" data-label=\"Facebook\" class=\"icon primary button circle facebook tooltip\" title=\"Nous suivre sur Facebook\" aria-label=\"Nous suivre sur Facebook\" rel=\"noopener nofollow\" ><i class=\"icon-facebook\" ><\/i><\/a><a href=\"#\" target=\"_blank\" data-label=\"Instagram\" class=\"icon primary button circle instagram tooltip\" title=\"Nous suivre sur Instagram\" aria-label=\"Nous suivre sur Instagram\" rel=\"noopener nofollow\" ><i class=\"icon-instagram\" ><\/i><\/a><a href=\"#\" data-label=\"Twitter\" target=\"_blank\" class=\"icon primary button circle twitter tooltip\" title=\"Nous suivre sur Twitter\" aria-label=\"Nous suivre sur Twitter\" rel=\"noopener nofollow\" ><i class=\"icon-twitter\" ><\/i><\/a><a href=\"#\" data-label=\"YouTube\" target=\"_blank\" class=\"icon primary button circle youtube tooltip\" title=\"Nous suivre sur Youtube\" aria-label=\"Nous suivre sur Youtube\" rel=\"noopener nofollow\" ><i class=\"icon-youtube\" ><\/i><\/a><\/div>\n\n\n\t\t<\/div>\n\t\t\t\t\t<\/div>\n\n\t\n\n<\/div>\n\n\t\t<\/div>\n\t\t\t\t\n<style>\n#col-183243889 > .col-inner {\n  padding: 0px 0px 0px 0px;\n}\n<\/style>\n\t<\/div>\n\n\t\n\n<\/div>\n\n\t\t<\/div>\n\n\t\t\n<style>\n#section_974663295 {\n  padding-top: 30px;\n  padding-bottom: 30px;\n}\n<\/style>\n\t<\/section>\n\t\n\n","protected":false},"excerpt":{"rendered":"","protected":false},"author":6,"featured_media":0,"parent":0,"menu_order":0,"comment_status":"closed","ping_status":"closed","template":"page-blank.php","meta":{"footnotes":""},"class_list":["post-126","page","type-page","status-publish","hentry"],"yoast_head":"<!-- This site is optimized with the Yoast SEO plugin v27.1.1 - https:\/\/yoast.com\/product\/yoast-seo-wordpress\/ -->\n<title>Recrutement - JIMTO S\u00c9CURIT\u00c9 PRIV\u00c9E<\/title>\n<meta name=\"robots\" content=\"index, follow, max-snippet:-1, max-image-preview:large, max-video-preview:-1\" \/>\n<link rel=\"canonical\" href=\"https:\/\/jimtosecuriteprivee.com\/?page_id=126\" \/>\n<meta property=\"og:locale\" content=\"fr_FR\" \/>\n<meta property=\"og:type\" content=\"article\" \/>\n<meta property=\"og:title\" content=\"Recrutement - JIMTO S\u00c9CURIT\u00c9 PRIV\u00c9E\" \/>\n<meta property=\"og:url\" content=\"https:\/\/jimtosecuriteprivee.com\/?page_id=126\" \/>\n<meta property=\"og:site_name\" content=\"JIMTO S\u00c9CURIT\u00c9 PRIV\u00c9E\" \/>\n<meta property=\"article:publisher\" content=\"https:\/\/www.facebook.com\/profile.php?id=100068974453959\" \/>\n<meta property=\"article:modified_time\" content=\"2023-09-18T09:51:21+00:00\" \/>\n<meta name=\"twitter:card\" content=\"summary_large_image\" \/>\n<meta name=\"twitter:label1\" content=\"Dur\u00e9e de lecture estim\u00e9e\" \/>\n\t<meta name=\"twitter:data1\" content=\"1 minute\" \/>\n<script type=\"application\/ld+json\" class=\"yoast-schema-graph\">{\"@context\":\"https:\/\/schema.org\",\"@graph\":[{\"@type\":\"WebPage\",\"@id\":\"https:\/\/jimtosecuriteprivee.com\/?page_id=126\",\"url\":\"https:\/\/jimtosecuriteprivee.com\/?page_id=126\",\"name\":\"Recrutement - JIMTO S\u00c9CURIT\u00c9 PRIV\u00c9E\",\"isPartOf\":{\"@id\":\"https:\/\/jimtosecuriteprivee.com\/#website\"},\"datePublished\":\"2023-06-15T09:53:16+00:00\",\"dateModified\":\"2023-09-18T09:51:21+00:00\",\"breadcrumb\":{\"@id\":\"https:\/\/jimtosecuriteprivee.com\/?page_id=126#breadcrumb\"},\"inLanguage\":\"fr-FR\",\"potentialAction\":[{\"@type\":\"ReadAction\",\"target\":[\"https:\/\/jimtosecuriteprivee.com\/?page_id=126\"]}]},{\"@type\":\"BreadcrumbList\",\"@id\":\"https:\/\/jimtosecuriteprivee.com\/?page_id=126#breadcrumb\",\"itemListElement\":[{\"@type\":\"ListItem\",\"position\":1,\"name\":\"Accueil\",\"item\":\"https:\/\/jimtosecuriteprivee.com\/\"},{\"@type\":\"ListItem\",\"position\":2,\"name\":\"Recrutement\"}]},{\"@type\":\"WebSite\",\"@id\":\"https:\/\/jimtosecuriteprivee.com\/#website\",\"url\":\"https:\/\/jimtosecuriteprivee.com\/\",\"name\":\"JIMTO S\u00c9CURIT\u00c9 PRIV\u00c9E\",\"description\":\"Un site utilisant WordPress\",\"publisher\":{\"@id\":\"https:\/\/jimtosecuriteprivee.com\/#organization\"},\"potentialAction\":[{\"@type\":\"SearchAction\",\"target\":{\"@type\":\"EntryPoint\",\"urlTemplate\":\"https:\/\/jimtosecuriteprivee.com\/?s={search_term_string}\"},\"query-input\":{\"@type\":\"PropertyValueSpecification\",\"valueRequired\":true,\"valueName\":\"search_term_string\"}}],\"inLanguage\":\"fr-FR\"},{\"@type\":\"Organization\",\"@id\":\"https:\/\/jimtosecuriteprivee.com\/#organization\",\"name\":\"JIMTO S\u00c9CURIT\u00c9 PRIV\u00c9E\",\"url\":\"https:\/\/jimtosecuriteprivee.com\/\",\"logo\":{\"@type\":\"ImageObject\",\"inLanguage\":\"fr-FR\",\"@id\":\"https:\/\/jimtosecuriteprivee.com\/#\/schema\/logo\/image\/\",\"url\":\"https:\/\/jimtosecuriteprivee.com\/wp-content\/uploads\/job-manager-uploads\/company_logo\/2023\/10\/logo-jimto-PhotoRoom.png\",\"contentUrl\":\"https:\/\/jimtosecuriteprivee.com\/wp-content\/uploads\/job-manager-uploads\/company_logo\/2023\/10\/logo-jimto-PhotoRoom.png\",\"width\":607,\"height\":815,\"caption\":\"JIMTO S\u00c9CURIT\u00c9 PRIV\u00c9E\"},\"image\":{\"@id\":\"https:\/\/jimtosecuriteprivee.com\/#\/schema\/logo\/image\/\"},\"sameAs\":[\"https:\/\/www.facebook.com\/profile.php?id=100068974453959\",\"https:\/\/www.tiktok.com\/@jimto_sf\",\"https:\/\/www.youtube.com\/@JIMTO-SF\"]}]}<\/script>\n<!-- \/ Yoast SEO plugin. -->","yoast_head_json":{"title":"Recrutement - JIMTO S\u00c9CURIT\u00c9 PRIV\u00c9E","robots":{"index":"index","follow":"follow","max-snippet":"max-snippet:-1","max-image-preview":"max-image-preview:large","max-video-preview":"max-video-preview:-1"},"canonical":"https:\/\/jimtosecuriteprivee.com\/?page_id=126","og_locale":"fr_FR","og_type":"article","og_title":"Recrutement - JIMTO S\u00c9CURIT\u00c9 PRIV\u00c9E","og_url":"https:\/\/jimtosecuriteprivee.com\/?page_id=126","og_site_name":"JIMTO S\u00c9CURIT\u00c9 PRIV\u00c9E","article_publisher":"https:\/\/www.facebook.com\/profile.php?id=100068974453959","article_modified_time":"2023-09-18T09:51:21+00:00","twitter_card":"summary_large_image","twitter_misc":{"Dur\u00e9e de lecture estim\u00e9e":"1 minute"},"schema":{"@context":"https:\/\/schema.org","@graph":[{"@type":"WebPage","@id":"https:\/\/jimtosecuriteprivee.com\/?page_id=126","url":"https:\/\/jimtosecuriteprivee.com\/?page_id=126","name":"Recrutement - JIMTO S\u00c9CURIT\u00c9 PRIV\u00c9E","isPartOf":{"@id":"https:\/\/jimtosecuriteprivee.com\/#website"},"datePublished":"2023-06-15T09:53:16+00:00","dateModified":"2023-09-18T09:51:21+00:00","breadcrumb":{"@id":"https:\/\/jimtosecuriteprivee.com\/?page_id=126#breadcrumb"},"inLanguage":"fr-FR","potentialAction":[{"@type":"ReadAction","target":["https:\/\/jimtosecuriteprivee.com\/?page_id=126"]}]},{"@type":"BreadcrumbList","@id":"https:\/\/jimtosecuriteprivee.com\/?page_id=126#breadcrumb","itemListElement":[{"@type":"ListItem","position":1,"name":"Accueil","item":"https:\/\/jimtosecuriteprivee.com\/"},{"@type":"ListItem","position":2,"name":"Recrutement"}]},{"@type":"WebSite","@id":"https:\/\/jimtosecuriteprivee.com\/#website","url":"https:\/\/jimtosecuriteprivee.com\/","name":"JIMTO S\u00c9CURIT\u00c9 PRIV\u00c9E","description":"Un site utilisant WordPress","publisher":{"@id":"https:\/\/jimtosecuriteprivee.com\/#organization"},"potentialAction":[{"@type":"SearchAction","target":{"@type":"EntryPoint","urlTemplate":"https:\/\/jimtosecuriteprivee.com\/?s={search_term_string}"},"query-input":{"@type":"PropertyValueSpecification","valueRequired":true,"valueName":"search_term_string"}}],"inLanguage":"fr-FR"},{"@type":"Organization","@id":"https:\/\/jimtosecuriteprivee.com\/#organization","name":"JIMTO S\u00c9CURIT\u00c9 PRIV\u00c9E","url":"https:\/\/jimtosecuriteprivee.com\/","logo":{"@type":"ImageObject","inLanguage":"fr-FR","@id":"https:\/\/jimtosecuriteprivee.com\/#\/schema\/logo\/image\/","url":"https:\/\/jimtosecuriteprivee.com\/wp-content\/uploads\/job-manager-uploads\/company_logo\/2023\/10\/logo-jimto-PhotoRoom.png","contentUrl":"https:\/\/jimtosecuriteprivee.com\/wp-content\/uploads\/job-manager-uploads\/company_logo\/2023\/10\/logo-jimto-PhotoRoom.png","width":607,"height":815,"caption":"JIMTO S\u00c9CURIT\u00c9 PRIV\u00c9E"},"image":{"@id":"https:\/\/jimtosecuriteprivee.com\/#\/schema\/logo\/image\/"},"sameAs":["https:\/\/www.facebook.com\/profile.php?id=100068974453959","https:\/\/www.tiktok.com\/@jimto_sf","https:\/\/www.youtube.com\/@JIMTO-SF"]}]}},"_links":{"self":[{"href":"https:\/\/jimtosecuriteprivee.com\/index.php?rest_route=\/wp\/v2\/pages\/126","targetHints":{"allow":["GET"]}}],"collection":[{"href":"https:\/\/jimtosecuriteprivee.com\/index.php?rest_route=\/wp\/v2\/pages"}],"about":[{"href":"https:\/\/jimtosecuriteprivee.com\/index.php?rest_route=\/wp\/v2\/types\/page"}],"author":[{"embeddable":true,"href":"https:\/\/jimtosecuriteprivee.com\/index.php?rest_route=\/wp\/v2\/users\/6"}],"replies":[{"embeddable":true,"href":"https:\/\/jimtosecuriteprivee.com\/index.php?rest_route=%2Fwp%2Fv2%2Fcomments&post=126"}],"version-history":[{"count":11,"href":"https:\/\/jimtosecuriteprivee.com\/index.php?rest_route=\/wp\/v2\/pages\/126\/revisions"}],"predecessor-version":[{"id":531,"href":"https:\/\/jimtosecuriteprivee.com\/index.php?rest_route=\/wp\/v2\/pages\/126\/revisions\/531"}],"wp:attachment":[{"href":"https:\/\/jimtosecuriteprivee.com\/index.php?rest_route=%2Fwp%2Fv2%2Fmedia&parent=126"}],"curies":[{"name":"wp","href":"https:\/\/api.w.org\/{rel}","templated":true}]}}