{"id":128,"date":"2023-06-15T11:53:16","date_gmt":"2023-06-15T09:53:16","guid":{"rendered":"https:\/\/jimtosecuriteprivee.com\/?page_id=128"},"modified":"2023-07-10T12:18:28","modified_gmt":"2023-07-10T10:18:28","slug":"devis-en-ligne","status":"publish","type":"page","link":"https:\/\/jimtosecuriteprivee.com\/?page_id=128","title":{"rendered":"Devis en ligne"},"content":{"rendered":"\n\n  <div class=\"banner has-hover\" id=\"banner-1736796779\">\n          <div class=\"banner-inner fill\">\n        <div class=\"banner-bg fill\" >\n            <img decoding=\"async\" width=\"1020\" height=\"680\" data-src=\"https:\/\/jimtosecuriteprivee.com\/wp-content\/uploads\/2023\/06\/devis-1024x683.jpeg\" class=\"bg attachment-large size-large lazyload\" alt=\"\" src=\"data:image\/gif;base64,R0lGODlhAQABAAAAACH5BAEKAAEALAAAAAABAAEAAAICTAEAOw==\" style=\"--smush-placeholder-width: 1020px; --smush-placeholder-aspect-ratio: 1020\/680;\" \/>                        <div class=\"overlay\"><\/div>            \n                    <\/div>\n\t\t\n        <div class=\"banner-layers container\">\n            <div class=\"fill banner-link\"><\/div>            \n\n   <div id=\"text-box-75219110\" class=\"text-box banner-layer x50 md-x50 lg-x50 y50 md-y50 lg-y50 res-text\">\n                                <div class=\"text-box-content text dark\">\n              \n              <div class=\"text-inner text-center\">\n                  \n\n<h2 class=\"uppercase\"><b>Demande de devis en ligne<\/b><\/h2>\n<p class=\"lead\">Pour toutes demande de devis concernant nos prestations, veuillez remplir les champs ci-dessous.<\/p>\n\n              <\/div>\n           <\/div>\n                            \n<style>\n#text-box-75219110 {\n  width: 65%;\n}\n#text-box-75219110 .text-box-content {\n  font-size: 100%;\n}\n<\/style>\n    <\/div>\n \n\n        <\/div>\n      <\/div>\n\n            \n<style>\n#banner-1736796779 {\n  padding-top: 500px;\n}\n#banner-1736796779 .overlay {\n  background-color: rgba(0, 0, 0, 0.32);\n}\n<\/style>\n  <\/div>\n\n\n\n\t<section class=\"section\" id=\"section_132728183\">\n\t\t<div class=\"section-bg fill\" >\n\t\t\t\t\t\t\t\t\t\n\t\t\t\n\n\t\t<\/div>\n\n\t\t\n\n\t\t<div class=\"section-content relative\">\n\t\t\t\n\n\t<div id=\"gap-398273668\" class=\"gap-element clearfix\" style=\"display:block; height:auto;\">\n\t\t\n<style>\n#gap-398273668 {\n  padding-top: 30px;\n}\n<\/style>\n\t<\/div>\n\t\n\n<div class=\"row align-middle align-center\"  id=\"row-1376563227\">\n\n\n\t<div id=\"col-733275462\" class=\"col medium-12 small-12 large-12\"  >\n\t\t\t\t<div class=\"col-inner\" style=\"background-color:rgb(255,255,255);\" >\n\t\t\t\n\t\t\t\n\n<div class=\"row row-collapse align-middle\"  id=\"row-1898993990\">\n\n\n\t<div id=\"col-1755921587\" class=\"col medium-12 small-12 large-7\"  >\n\t\t\t\t<div class=\"col-inner text-center\"  >\n\t\t\t\n\t\t\t\n\n\t<div id=\"gap-662409542\" class=\"gap-element clearfix\" style=\"display:block; height:auto;\">\n\t\t\n<style>\n#gap-662409542 {\n  padding-top: 30px;\n}\n<\/style>\n\t<\/div>\n\t\n\n\n<div class=\"wpcf7 no-js\" id=\"wpcf7-f170-o1\" lang=\"fr-FR\" dir=\"ltr\" data-wpcf7-id=\"170\">\n<div class=\"screen-reader-response\"><p role=\"status\" aria-live=\"polite\" aria-atomic=\"true\"><\/p> <ul><\/ul><\/div>\n<form action=\"\/index.php?rest_route=%2Fwp%2Fv2%2Fpages%2F128#wpcf7-f170-o1\" method=\"post\" class=\"wpcf7-form init\" aria-label=\"Formulaire de contact\" enctype=\"multipart\/form-data\" novalidate=\"novalidate\" data-status=\"init\">\n<fieldset class=\"hidden-fields-container\"><input type=\"hidden\" name=\"_wpcf7\" value=\"170\" \/><input type=\"hidden\" name=\"_wpcf7_version\" value=\"6.1.5\" \/><input type=\"hidden\" name=\"_wpcf7_locale\" value=\"fr_FR\" \/><input type=\"hidden\" name=\"_wpcf7_unit_tag\" value=\"wpcf7-f170-o1\" \/><input type=\"hidden\" name=\"_wpcf7_container_post\" value=\"0\" \/><input type=\"hidden\" name=\"_wpcf7_posted_data_hash\" value=\"\" \/>\n<\/fieldset>\n<p><label> Nom*<br \/>\n<span class=\"wpcf7-form-control-wrap\" data-name=\"your-name\"><input size=\"40\" maxlength=\"400\" class=\"wpcf7-form-control wpcf7-text wpcf7-validates-as-required\" aria-required=\"true\" aria-invalid=\"false\" value=\"\" type=\"text\" name=\"your-name\" \/><\/span> <\/label>\n<\/p>\n<p><label> Raison sociale<br \/>\n<span class=\"wpcf7-form-control-wrap\" data-name=\"raison-sociale\"><input size=\"40\" maxlength=\"400\" class=\"wpcf7-form-control wpcf7-text wpcf7-validates-as-required\" aria-required=\"true\" aria-invalid=\"false\" value=\"\" type=\"text\" name=\"raison-sociale\" \/><\/span> <\/label>\n<\/p>\n<p><label> T\u00e9l\u00e9phone*<br \/>\n<span class=\"wpcf7-form-control-wrap\" data-name=\"tel\"><input size=\"40\" maxlength=\"400\" class=\"wpcf7-form-control wpcf7-tel wpcf7-validates-as-required wpcf7-text wpcf7-validates-as-tel\" aria-required=\"true\" aria-invalid=\"false\" value=\"\" type=\"tel\" name=\"tel\" \/><\/span> <\/label>\n<\/p>\n<p><label> Votre e-mail*<br \/>\n<span class=\"wpcf7-form-control-wrap\" data-name=\"your-email\"><input size=\"40\" maxlength=\"400\" class=\"wpcf7-form-control wpcf7-email wpcf7-validates-as-required wpcf7-text wpcf7-validates-as-email\" aria-required=\"true\" aria-invalid=\"false\" value=\"\" type=\"email\" name=\"your-email\" \/><\/span> <\/label>\n<\/p>\n<p><label> Date d\u00e9but*<br \/>\n<span class=\"wpcf7-form-control-wrap\" data-name=\"date1\"><input class=\"wpcf7-form-control wpcf7-date wpcf7-validates-as-required wpcf7-validates-as-date\" aria-required=\"true\" aria-invalid=\"false\" value=\"\" type=\"date\" name=\"date1\" \/><\/span><\/label>\n<\/p>\n<p><label> Date fin*<br \/>\n<span class=\"wpcf7-form-control-wrap\" data-name=\"date2\"><input class=\"wpcf7-form-control wpcf7-date wpcf7-validates-as-required wpcf7-validates-as-date\" aria-required=\"true\" aria-invalid=\"false\" value=\"\" type=\"date\" name=\"date2\" \/><\/span><\/label>\n<\/p>\n<p><label>Type d'intervention*<\/label><br \/>\n<span class=\"wpcf7-form-control-wrap\" data-name=\"type\"><span class=\"wpcf7-form-control wpcf7-radio\"><span class=\"wpcf7-list-item first\"><span class=\"wpcf7-list-item-label\">Ponctuelle<\/span><input type=\"radio\" name=\"type\" value=\"Ponctuelle\" \/><\/span><span class=\"wpcf7-list-item last\"><span class=\"wpcf7-list-item-label\">Continue<\/span><input type=\"radio\" name=\"type\" value=\"Continue\" checked=\"checked\" \/><\/span><\/span><\/span>\n<\/p>\n<p><label>Type de mission*<\/label><br \/>\n<span class=\"wpcf7-form-control-wrap\" data-name=\"radio-mission\"><span class=\"wpcf7-form-control wpcf7-radio\"><span class=\"wpcf7-list-item first\"><span class=\"wpcf7-list-item-label\">S\u00e9curit\u00e9 incendie<\/span><input type=\"radio\" name=\"radio-mission\" value=\"S\u00e9curit\u00e9 incendie\" checked=\"checked\" \/><\/span><span class=\"wpcf7-list-item last\"><span class=\"wpcf7-list-item-label\">Gardiennage et surveillance<\/span><input type=\"radio\" name=\"radio-mission\" value=\"Gardiennage et surveillance\" \/><\/span><\/span><\/span>\n<\/p>\n<p><label>Type d'agent*<\/label><br \/>\n<span class=\"wpcf7-form-control-wrap\" data-name=\"checkbox-agent\"><span class=\"wpcf7-form-control wpcf7-checkbox wpcf7-validates-as-required\"><span class=\"wpcf7-list-item first\"><span class=\"wpcf7-list-item-label\">PSGE (Agent de S\u00e9curit\u00e9 des Grands \u00c9v\u00e8nements)<\/span><input type=\"checkbox\" name=\"checkbox-agent[]\" value=\"PSGE (Agent de S\u00e9curit\u00e9 des Grands \u00c9v\u00e8nements)\" \/><\/span><span class=\"wpcf7-list-item\"><span class=\"wpcf7-list-item-label\">SSIAP 1 (Agent d\u2019Exploitation)<\/span><input type=\"checkbox\" name=\"checkbox-agent[]\" value=\"SSIAP 1 (Agent d\u2019Exploitation)\" \/><\/span><span class=\"wpcf7-list-item\"><span class=\"wpcf7-list-item-label\">SSIAP 2 (Chef d\u2019\u00c9quipe Incendie)<\/span><input type=\"checkbox\" name=\"checkbox-agent[]\" value=\"SSIAP 2 (Chef d\u2019\u00c9quipe Incendie)\" \/><\/span><span class=\"wpcf7-list-item\"><span class=\"wpcf7-list-item-label\">SSIAP 3 (Chef de Service s\u00e9curit\u00e9)<\/span><input type=\"checkbox\" name=\"checkbox-agent[]\" value=\"SSIAP 3 (Chef de Service s\u00e9curit\u00e9)\" \/><\/span><span class=\"wpcf7-list-item\"><span class=\"wpcf7-list-item-label\">APS (Agent de Pr\u00e9vention et de S\u00e9curit\u00e9)<\/span><input type=\"checkbox\" name=\"checkbox-agent[]\" value=\"APS (Agent de Pr\u00e9vention et de S\u00e9curit\u00e9)\" \/><\/span><span class=\"wpcf7-list-item\"><span class=\"wpcf7-list-item-label\">Cynophile (Ma\u00eetre Chien)<\/span><input type=\"checkbox\" name=\"checkbox-agent[]\" value=\"Cynophile (Ma\u00eetre Chien)\" \/><\/span><span class=\"wpcf7-list-item last\"><span class=\"wpcf7-list-item-label\">Agent Rondier (Agent Mobile)<\/span><input type=\"checkbox\" name=\"checkbox-agent[]\" value=\"Agent Rondier (Agent Mobile)\" \/><\/span><\/span><\/span>\n<\/p>\n<p><label> Adresse d'intervention*<br \/>\n<span class=\"wpcf7-form-control-wrap\" data-name=\"adresse\"><input size=\"40\" maxlength=\"400\" class=\"wpcf7-form-control wpcf7-text wpcf7-validates-as-required\" aria-required=\"true\" aria-invalid=\"false\" value=\"\" type=\"text\" name=\"adresse\" \/><\/span> <\/label>\n<\/p>\n<p><label>Code postale*<br \/>\n<span class=\"wpcf7-form-control-wrap\" data-name=\"cp\"><input size=\"40\" maxlength=\"400\" class=\"wpcf7-form-control wpcf7-text wpcf7-validates-as-required\" aria-required=\"true\" aria-invalid=\"false\" value=\"\" type=\"text\" name=\"cp\" \/><\/span> <\/label>\n<\/p>\n<p><label>Ville*<br \/>\n<span class=\"wpcf7-form-control-wrap\" data-name=\"ville\"><input size=\"40\" maxlength=\"400\" class=\"wpcf7-form-control wpcf7-text wpcf7-validates-as-required\" aria-required=\"true\" aria-invalid=\"false\" value=\"\" type=\"text\" name=\"ville\" \/><\/span> <\/label>\n<\/p>\n<p><label> Objet*<br \/>\n<span class=\"wpcf7-form-control-wrap\" data-name=\"Objet\"><input size=\"40\" maxlength=\"400\" class=\"wpcf7-form-control wpcf7-text wpcf7-validates-as-required\" aria-required=\"true\" aria-invalid=\"false\" value=\"\" type=\"text\" name=\"Objet\" \/><\/span> <\/label>\n<\/p>\n<p><label> Pr\u00e9cisez vos besoins*<br \/>\n<span class=\"wpcf7-form-control-wrap\" data-name=\"your-message\"><textarea cols=\"40\" rows=\"10\" maxlength=\"2000\" class=\"wpcf7-form-control wpcf7-textarea\" aria-invalid=\"false\" name=\"your-message\"><\/textarea><\/span> <\/label>\n<\/p>\n<p><label> Pi\u00e8ce jointes<br \/>\n<span class=\"wpcf7-form-control-wrap\" data-name=\"fichier\"><input size=\"40\" class=\"wpcf7-form-control wpcf7-file\" accept=\".pdf,.jpeg,.png,.doc,.docx\" aria-invalid=\"false\" type=\"file\" name=\"fichier\" \/><\/span><br \/>\n<input class=\"wpcf7-form-control wpcf7-submit has-spinner\" type=\"submit\" value=\"Envoyer\" \/><\/label>\n<\/p><div class=\"wpcf7-response-output\" aria-hidden=\"true\"><\/div>\n<\/form>\n<\/div>\n\n\n\n\t\t<\/div>\n\t\t\t\t\n<style>\n#col-1755921587 > .col-inner {\n  padding: 20px 7% 20px 7%;\n}\n@media (min-width:550px) {\n  #col-1755921587 > .col-inner {\n    padding: 40px 10% 40px 10%;\n  }\n}\n@media (min-width:850px) {\n  #col-1755921587 > .col-inner {\n    padding: 0px 10% 0px 10%;\n  }\n}\n<\/style>\n\t<\/div>\n\n\t\n\n\t<div id=\"col-2023483720\" class=\"col medium-12 small-12 large-5 medium-col-first\"  >\n\t\t\t\t<div class=\"col-inner\"  >\n\t\t\t\n\t\t\t\n\n  <div class=\"banner-grid-wrapper\">\n  <div id=\"banner-grid-358431559\" class=\"banner-grid row row-grid row-xsmall\" data-packery-options=\"\">\n                      \n\n<div class=\"col grid-col large-6 grid-col-1-2\" ><div class=\"col-inner\">\n\n\n  <div class=\"banner has-hover\" id=\"banner-355705445\">\n          <div class=\"banner-inner fill\">\n        <div class=\"banner-bg fill\" >\n            <img decoding=\"async\" width=\"265\" height=\"257\" data-src=\"https:\/\/jimtosecuriteprivee.com\/wp-content\/uploads\/2023\/07\/secu2-e1688976891212.png\" class=\"bg attachment-original size-original lazyload\" alt=\"\" src=\"data:image\/gif;base64,R0lGODlhAQABAAAAACH5BAEKAAEALAAAAAABAAEAAAICTAEAOw==\" style=\"--smush-placeholder-width: 265px; --smush-placeholder-aspect-ratio: 265\/257;\" \/>                                    \n                    <\/div>\n\t\t\n        <div class=\"banner-layers container\">\n            <div class=\"fill banner-link\"><\/div>            \n\n\n        <\/div>\n      <\/div>\n\n            \n<style>\n#banner-355705445 {\n  padding-top: 1188.88px;\n}\n<\/style>\n  <\/div>\n\n\n\n<\/div><\/div>\n<div class=\"col grid-col large-6 grid-col-1-2\" ><div class=\"col-inner\">\n\n\n  <div class=\"banner has-hover\" id=\"banner-1450464840\">\n          <div class=\"banner-inner fill\">\n        <div class=\"banner-bg fill\" >\n            <img decoding=\"async\" width=\"2560\" height=\"1707\" data-src=\"https:\/\/jimtosecuriteprivee.com\/wp-content\/uploads\/2023\/07\/ext-scaled.jpg\" class=\"bg attachment-original size-original lazyload\" alt=\"\" src=\"data:image\/gif;base64,R0lGODlhAQABAAAAACH5BAEKAAEALAAAAAABAAEAAAICTAEAOw==\" style=\"--smush-placeholder-width: 2560px; --smush-placeholder-aspect-ratio: 2560\/1707;\" \/>                                    \n                    <\/div>\n\t\t\n        <div class=\"banner-layers container\">\n            <div class=\"fill banner-link\"><\/div>            \n\n\n        <\/div>\n      <\/div>\n\n            \n<style>\n#banner-1450464840 {\n  padding-top: 500px;\n}\n<\/style>\n  <\/div>\n\n\n\n<\/div><\/div>\n<div class=\"col grid-col large-6 grid-col-1-2\" ><div class=\"col-inner\">\n\n\n  <div class=\"banner has-hover\" id=\"banner-1266325242\">\n          <div class=\"banner-inner fill\">\n        <div class=\"banner-bg fill\" >\n            <img decoding=\"async\" width=\"2560\" height=\"1714\" data-src=\"https:\/\/jimtosecuriteprivee.com\/wp-content\/uploads\/2023\/07\/secu-scaled.jpeg\" class=\"bg attachment-original size-original lazyload\" alt=\"\" src=\"data:image\/gif;base64,R0lGODlhAQABAAAAACH5BAEKAAEALAAAAAABAAEAAAICTAEAOw==\" style=\"--smush-placeholder-width: 2560px; --smush-placeholder-aspect-ratio: 2560\/1714;\" \/>                                    \n                    <\/div>\n\t\t\n        <div class=\"banner-layers container\">\n            <div class=\"fill banner-link\"><\/div>            \n\n\n        <\/div>\n      <\/div>\n\n            \n<style>\n#banner-1266325242 {\n  padding-top: 500px;\n}\n#banner-1266325242 .banner-bg img {\n  object-position: 29% 9%;\n}\n<\/style>\n  <\/div>\n\n\n\n<\/div><\/div>\n<div class=\"col grid-col large-6 grid-col-1-2\" ><div class=\"col-inner\">\n\n\n  <div class=\"banner has-hover\" id=\"banner-2129549888\">\n          <div class=\"banner-inner fill\">\n        <div class=\"banner-bg fill\" >\n            <img decoding=\"async\" width=\"557\" height=\"393\" data-src=\"https:\/\/jimtosecuriteprivee.com\/wp-content\/uploads\/2023\/07\/agent-cynophile-2.jpg\" class=\"bg attachment-original size-original lazyload\" alt=\"\" src=\"data:image\/gif;base64,R0lGODlhAQABAAAAACH5BAEKAAEALAAAAAABAAEAAAICTAEAOw==\" style=\"--smush-placeholder-width: 557px; --smush-placeholder-aspect-ratio: 557\/393;\" \/>                                    \n                    <\/div>\n\t\t\n        <div class=\"banner-layers container\">\n            <div class=\"fill banner-link\"><\/div>            \n\n\n        <\/div>\n      <\/div>\n\n            \n<style>\n#banner-2129549888 {\n  padding-top: 500px;\n}\n<\/style>\n  <\/div>\n\n\n\n<\/div><\/div>\n<div class=\"col grid-col large-6 grid-col-1-2\" ><div class=\"col-inner\">\n\n\n  <div class=\"banner has-hover\" id=\"banner-1015109512\">\n          <div class=\"banner-inner fill\">\n        <div class=\"banner-bg fill\" >\n            <img decoding=\"async\" width=\"2560\" height=\"1920\" data-src=\"https:\/\/jimtosecuriteprivee.com\/wp-content\/uploads\/2023\/07\/concert2-scaled.jpg\" class=\"bg attachment-original size-original lazyload\" alt=\"\" src=\"data:image\/gif;base64,R0lGODlhAQABAAAAACH5BAEKAAEALAAAAAABAAEAAAICTAEAOw==\" style=\"--smush-placeholder-width: 2560px; --smush-placeholder-aspect-ratio: 2560\/1920;\" \/>                                    \n                    <\/div>\n\t\t\n        <div class=\"banner-layers container\">\n            <div class=\"fill banner-link\"><\/div>            \n\n\n        <\/div>\n      <\/div>\n\n            \n<style>\n#banner-1015109512 {\n  padding-top: 500px;\n}\n<\/style>\n  <\/div>\n\n\n\n<\/div><\/div>\n<div class=\"col grid-col large-6 grid-col-1-2\" ><div class=\"col-inner\">\n\n\n  <div class=\"banner has-hover\" id=\"banner-1125868338\">\n          <div class=\"banner-inner fill\">\n        <div class=\"banner-bg fill\" >\n            <img decoding=\"async\" width=\"1707\" height=\"2560\" data-src=\"https:\/\/jimtosecuriteprivee.com\/wp-content\/uploads\/2023\/07\/stade-scaled.jpg\" class=\"bg attachment-original size-original lazyload\" alt=\"\" src=\"data:image\/gif;base64,R0lGODlhAQABAAAAACH5BAEKAAEALAAAAAABAAEAAAICTAEAOw==\" style=\"--smush-placeholder-width: 1707px; --smush-placeholder-aspect-ratio: 1707\/2560;\" \/>                                    \n                    <\/div>\n\t\t\n        <div class=\"banner-layers container\">\n            <div class=\"fill banner-link\"><\/div>            \n\n\n        <\/div>\n      <\/div>\n\n            \n<style>\n#banner-1125868338 {\n  padding-top: 500px;\n}\n<\/style>\n  <\/div>\n\n\n\n<\/div><\/div>\n\n            <\/div>\n    <style>\n    #banner-grid-358431559 .grid-col-1{height: 600px}\n    #banner-grid-358431559 .grid-col-1-2{height: 300px}\n    #banner-grid-358431559 .grid-col-1-3{height:200px}\n    #banner-grid-358431559 .grid-col-2-3{height: 400px}\n    #banner-grid-358431559 .grid-col-1-4{height: 150px}\n    #banner-grid-358431559 .grid-col-3-4{height: 450px}\n\n\n    \n    \n\n  <\/style>\n    <\/div>\n  \n\n\t\t<\/div>\n\t\t\t\t\t<\/div>\n\n\t\n\n<\/div>\n\n\t\t<\/div>\n\t\t\t\t\t<\/div>\n\n\t\n\n<\/div>\n\n\t\t<\/div>\n\n\t\t\n<style>\n#section_132728183 {\n  padding-top: 40px;\n  padding-bottom: 40px;\n  margin-bottom: 0px;\n  background-color: rgb(33, 53, 44);\n}\n@media (min-width:550px) {\n  #section_132728183 {\n    padding-top: 70px;\n    padding-bottom: 70px;\n  }\n}\n<\/style>\n\t<\/section>\n\t\n\n","protected":false},"excerpt":{"rendered":"","protected":false},"author":6,"featured_media":0,"parent":0,"menu_order":0,"comment_status":"closed","ping_status":"closed","template":"page-blank.php","meta":{"footnotes":""},"class_list":["post-128","page","type-page","status-publish","hentry"],"yoast_head":"<!-- This site is optimized with the Yoast SEO plugin v27.1.1 - https:\/\/yoast.com\/product\/yoast-seo-wordpress\/ -->\n<title>Devis en ligne - JIMTO S\u00c9CURIT\u00c9 PRIV\u00c9E<\/title>\n<meta name=\"robots\" content=\"index, follow, max-snippet:-1, max-image-preview:large, max-video-preview:-1\" \/>\n<link rel=\"canonical\" href=\"https:\/\/jimtosecuriteprivee.com\/?page_id=128\" \/>\n<meta property=\"og:locale\" content=\"fr_FR\" \/>\n<meta property=\"og:type\" content=\"article\" \/>\n<meta property=\"og:title\" content=\"Devis en ligne - JIMTO S\u00c9CURIT\u00c9 PRIV\u00c9E\" \/>\n<meta property=\"og:url\" content=\"https:\/\/jimtosecuriteprivee.com\/?page_id=128\" \/>\n<meta property=\"og:site_name\" content=\"JIMTO S\u00c9CURIT\u00c9 PRIV\u00c9E\" \/>\n<meta property=\"article:publisher\" content=\"https:\/\/www.facebook.com\/profile.php?id=100068974453959\" \/>\n<meta property=\"article:modified_time\" content=\"2023-07-10T10:18:28+00:00\" \/>\n<meta name=\"twitter:card\" content=\"summary_large_image\" \/>\n<meta name=\"twitter:label1\" content=\"Dur\u00e9e de lecture estim\u00e9e\" \/>\n\t<meta name=\"twitter:data1\" content=\"1 minute\" \/>\n<script type=\"application\/ld+json\" class=\"yoast-schema-graph\">{\"@context\":\"https:\/\/schema.org\",\"@graph\":[{\"@type\":\"WebPage\",\"@id\":\"https:\/\/jimtosecuriteprivee.com\/?page_id=128\",\"url\":\"https:\/\/jimtosecuriteprivee.com\/?page_id=128\",\"name\":\"Devis en ligne - JIMTO S\u00c9CURIT\u00c9 PRIV\u00c9E\",\"isPartOf\":{\"@id\":\"https:\/\/jimtosecuriteprivee.com\/#website\"},\"datePublished\":\"2023-06-15T09:53:16+00:00\",\"dateModified\":\"2023-07-10T10:18:28+00:00\",\"breadcrumb\":{\"@id\":\"https:\/\/jimtosecuriteprivee.com\/?page_id=128#breadcrumb\"},\"inLanguage\":\"fr-FR\",\"potentialAction\":[{\"@type\":\"ReadAction\",\"target\":[\"https:\/\/jimtosecuriteprivee.com\/?page_id=128\"]}]},{\"@type\":\"BreadcrumbList\",\"@id\":\"https:\/\/jimtosecuriteprivee.com\/?page_id=128#breadcrumb\",\"itemListElement\":[{\"@type\":\"ListItem\",\"position\":1,\"name\":\"Accueil\",\"item\":\"https:\/\/jimtosecuriteprivee.com\/\"},{\"@type\":\"ListItem\",\"position\":2,\"name\":\"Devis en ligne\"}]},{\"@type\":\"WebSite\",\"@id\":\"https:\/\/jimtosecuriteprivee.com\/#website\",\"url\":\"https:\/\/jimtosecuriteprivee.com\/\",\"name\":\"JIMTO S\u00c9CURIT\u00c9 PRIV\u00c9E\",\"description\":\"Un site utilisant WordPress\",\"publisher\":{\"@id\":\"https:\/\/jimtosecuriteprivee.com\/#organization\"},\"potentialAction\":[{\"@type\":\"SearchAction\",\"target\":{\"@type\":\"EntryPoint\",\"urlTemplate\":\"https:\/\/jimtosecuriteprivee.com\/?s={search_term_string}\"},\"query-input\":{\"@type\":\"PropertyValueSpecification\",\"valueRequired\":true,\"valueName\":\"search_term_string\"}}],\"inLanguage\":\"fr-FR\"},{\"@type\":\"Organization\",\"@id\":\"https:\/\/jimtosecuriteprivee.com\/#organization\",\"name\":\"JIMTO S\u00c9CURIT\u00c9 PRIV\u00c9E\",\"url\":\"https:\/\/jimtosecuriteprivee.com\/\",\"logo\":{\"@type\":\"ImageObject\",\"inLanguage\":\"fr-FR\",\"@id\":\"https:\/\/jimtosecuriteprivee.com\/#\/schema\/logo\/image\/\",\"url\":\"https:\/\/jimtosecuriteprivee.com\/wp-content\/uploads\/job-manager-uploads\/company_logo\/2023\/10\/logo-jimto-PhotoRoom.png\",\"contentUrl\":\"https:\/\/jimtosecuriteprivee.com\/wp-content\/uploads\/job-manager-uploads\/company_logo\/2023\/10\/logo-jimto-PhotoRoom.png\",\"width\":607,\"height\":815,\"caption\":\"JIMTO S\u00c9CURIT\u00c9 PRIV\u00c9E\"},\"image\":{\"@id\":\"https:\/\/jimtosecuriteprivee.com\/#\/schema\/logo\/image\/\"},\"sameAs\":[\"https:\/\/www.facebook.com\/profile.php?id=100068974453959\",\"https:\/\/www.tiktok.com\/@jimto_sf\",\"https:\/\/www.youtube.com\/@JIMTO-SF\"]}]}<\/script>\n<!-- \/ Yoast SEO plugin. -->","yoast_head_json":{"title":"Devis en ligne - JIMTO S\u00c9CURIT\u00c9 PRIV\u00c9E","robots":{"index":"index","follow":"follow","max-snippet":"max-snippet:-1","max-image-preview":"max-image-preview:large","max-video-preview":"max-video-preview:-1"},"canonical":"https:\/\/jimtosecuriteprivee.com\/?page_id=128","og_locale":"fr_FR","og_type":"article","og_title":"Devis en ligne - JIMTO S\u00c9CURIT\u00c9 PRIV\u00c9E","og_url":"https:\/\/jimtosecuriteprivee.com\/?page_id=128","og_site_name":"JIMTO S\u00c9CURIT\u00c9 PRIV\u00c9E","article_publisher":"https:\/\/www.facebook.com\/profile.php?id=100068974453959","article_modified_time":"2023-07-10T10:18:28+00:00","twitter_card":"summary_large_image","twitter_misc":{"Dur\u00e9e de lecture estim\u00e9e":"1 minute"},"schema":{"@context":"https:\/\/schema.org","@graph":[{"@type":"WebPage","@id":"https:\/\/jimtosecuriteprivee.com\/?page_id=128","url":"https:\/\/jimtosecuriteprivee.com\/?page_id=128","name":"Devis en ligne - JIMTO S\u00c9CURIT\u00c9 PRIV\u00c9E","isPartOf":{"@id":"https:\/\/jimtosecuriteprivee.com\/#website"},"datePublished":"2023-06-15T09:53:16+00:00","dateModified":"2023-07-10T10:18:28+00:00","breadcrumb":{"@id":"https:\/\/jimtosecuriteprivee.com\/?page_id=128#breadcrumb"},"inLanguage":"fr-FR","potentialAction":[{"@type":"ReadAction","target":["https:\/\/jimtosecuriteprivee.com\/?page_id=128"]}]},{"@type":"BreadcrumbList","@id":"https:\/\/jimtosecuriteprivee.com\/?page_id=128#breadcrumb","itemListElement":[{"@type":"ListItem","position":1,"name":"Accueil","item":"https:\/\/jimtosecuriteprivee.com\/"},{"@type":"ListItem","position":2,"name":"Devis en ligne"}]},{"@type":"WebSite","@id":"https:\/\/jimtosecuriteprivee.com\/#website","url":"https:\/\/jimtosecuriteprivee.com\/","name":"JIMTO S\u00c9CURIT\u00c9 PRIV\u00c9E","description":"Un site utilisant WordPress","publisher":{"@id":"https:\/\/jimtosecuriteprivee.com\/#organization"},"potentialAction":[{"@type":"SearchAction","target":{"@type":"EntryPoint","urlTemplate":"https:\/\/jimtosecuriteprivee.com\/?s={search_term_string}"},"query-input":{"@type":"PropertyValueSpecification","valueRequired":true,"valueName":"search_term_string"}}],"inLanguage":"fr-FR"},{"@type":"Organization","@id":"https:\/\/jimtosecuriteprivee.com\/#organization","name":"JIMTO S\u00c9CURIT\u00c9 PRIV\u00c9E","url":"https:\/\/jimtosecuriteprivee.com\/","logo":{"@type":"ImageObject","inLanguage":"fr-FR","@id":"https:\/\/jimtosecuriteprivee.com\/#\/schema\/logo\/image\/","url":"https:\/\/jimtosecuriteprivee.com\/wp-content\/uploads\/job-manager-uploads\/company_logo\/2023\/10\/logo-jimto-PhotoRoom.png","contentUrl":"https:\/\/jimtosecuriteprivee.com\/wp-content\/uploads\/job-manager-uploads\/company_logo\/2023\/10\/logo-jimto-PhotoRoom.png","width":607,"height":815,"caption":"JIMTO S\u00c9CURIT\u00c9 PRIV\u00c9E"},"image":{"@id":"https:\/\/jimtosecuriteprivee.com\/#\/schema\/logo\/image\/"},"sameAs":["https:\/\/www.facebook.com\/profile.php?id=100068974453959","https:\/\/www.tiktok.com\/@jimto_sf","https:\/\/www.youtube.com\/@JIMTO-SF"]}]}},"_links":{"self":[{"href":"https:\/\/jimtosecuriteprivee.com\/index.php?rest_route=\/wp\/v2\/pages\/128","targetHints":{"allow":["GET"]}}],"collection":[{"href":"https:\/\/jimtosecuriteprivee.com\/index.php?rest_route=\/wp\/v2\/pages"}],"about":[{"href":"https:\/\/jimtosecuriteprivee.com\/index.php?rest_route=\/wp\/v2\/types\/page"}],"author":[{"embeddable":true,"href":"https:\/\/jimtosecuriteprivee.com\/index.php?rest_route=\/wp\/v2\/users\/6"}],"replies":[{"embeddable":true,"href":"https:\/\/jimtosecuriteprivee.com\/index.php?rest_route=%2Fwp%2Fv2%2Fcomments&post=128"}],"version-history":[{"count":8,"href":"https:\/\/jimtosecuriteprivee.com\/index.php?rest_route=\/wp\/v2\/pages\/128\/revisions"}],"predecessor-version":[{"id":500,"href":"https:\/\/jimtosecuriteprivee.com\/index.php?rest_route=\/wp\/v2\/pages\/128\/revisions\/500"}],"wp:attachment":[{"href":"https:\/\/jimtosecuriteprivee.com\/index.php?rest_route=%2Fwp%2Fv2%2Fmedia&parent=128"}],"curies":[{"name":"wp","href":"https:\/\/api.w.org\/{rel}","templated":true}]}}