{"id":184,"date":"2023-06-16T09:34:55","date_gmt":"2023-06-16T07:34:55","guid":{"rendered":"https:\/\/jimtosecuriteprivee.com\/?page_id=184"},"modified":"2023-10-12T11:04:33","modified_gmt":"2023-10-12T09:04:33","slug":"espace-entreprise","status":"publish","type":"page","link":"https:\/\/jimtosecuriteprivee.com\/?page_id=184","title":{"rendered":"Espace entreprise"},"content":{"rendered":"","protected":true},"excerpt":{"rendered":"","protected":true},"author":6,"featured_media":0,"parent":0,"menu_order":0,"comment_status":"closed","ping_status":"closed","template":"page-blank.php","meta":{"footnotes":""},"class_list":["post-184","page","type-page","status-publish","post-password-required","hentry"],"yoast_head":"<!-- This site is optimized with the Yoast SEO plugin v27.1.1 - https:\/\/yoast.com\/product\/yoast-seo-wordpress\/ -->\n<title>Espace entreprise - JIMTO S\u00c9CURIT\u00c9 PRIV\u00c9E<\/title>\n<meta name=\"robots\" content=\"index, follow, max-snippet:-1, max-image-preview:large, max-video-preview:-1\" \/>\n<link rel=\"canonical\" href=\"https:\/\/jimtosecuriteprivee.com\/?page_id=184\" \/>\n<meta property=\"og:locale\" content=\"fr_FR\" \/>\n<meta property=\"og:type\" content=\"article\" \/>\n<meta property=\"og:title\" content=\"Espace entreprise - JIMTO S\u00c9CURIT\u00c9 PRIV\u00c9E\" \/>\n<meta property=\"og:description\" content=\"Il n\u2019y a pas d\u2019extrait, car cette publication est prot\u00e9g\u00e9e.\" \/>\n<meta property=\"og:url\" content=\"https:\/\/jimtosecuriteprivee.com\/?page_id=184\" \/>\n<meta property=\"og:site_name\" content=\"JIMTO S\u00c9CURIT\u00c9 PRIV\u00c9E\" \/>\n<meta property=\"article:publisher\" content=\"https:\/\/www.facebook.com\/profile.php?id=100068974453959\" \/>\n<meta property=\"article:modified_time\" content=\"2023-10-12T09:04:33+00:00\" \/>\n<meta name=\"twitter:card\" content=\"summary_large_image\" \/>\n<meta name=\"twitter:label1\" content=\"Dur\u00e9e de lecture estim\u00e9e\" \/>\n\t<meta name=\"twitter:data1\" content=\"1 minute\" \/>\n<script type=\"application\/ld+json\" class=\"yoast-schema-graph\">{\"@context\":\"https:\/\/schema.org\",\"@graph\":[{\"@type\":\"WebPage\",\"@id\":\"https:\/\/jimtosecuriteprivee.com\/?page_id=184\",\"url\":\"https:\/\/jimtosecuriteprivee.com\/?page_id=184\",\"name\":\"Espace entreprise - JIMTO S\u00c9CURIT\u00c9 PRIV\u00c9E\",\"isPartOf\":{\"@id\":\"https:\/\/jimtosecuriteprivee.com\/#website\"},\"datePublished\":\"2023-06-16T07:34:55+00:00\",\"dateModified\":\"2023-10-12T09:04:33+00:00\",\"breadcrumb\":{\"@id\":\"https:\/\/jimtosecuriteprivee.com\/?page_id=184#breadcrumb\"},\"inLanguage\":\"fr-FR\"},{\"@type\":\"WebSite\",\"@id\":\"https:\/\/jimtosecuriteprivee.com\/#website\",\"url\":\"https:\/\/jimtosecuriteprivee.com\/\",\"name\":\"JIMTO S\u00c9CURIT\u00c9 PRIV\u00c9E\",\"description\":\"Un site utilisant WordPress\",\"publisher\":{\"@id\":\"https:\/\/jimtosecuriteprivee.com\/#organization\"},\"potentialAction\":[{\"@type\":\"SearchAction\",\"target\":{\"@type\":\"EntryPoint\",\"urlTemplate\":\"https:\/\/jimtosecuriteprivee.com\/?s={search_term_string}\"},\"query-input\":{\"@type\":\"PropertyValueSpecification\",\"valueRequired\":true,\"valueName\":\"search_term_string\"}}],\"inLanguage\":\"fr-FR\"},{\"@type\":\"Organization\",\"@id\":\"https:\/\/jimtosecuriteprivee.com\/#organization\",\"name\":\"JIMTO S\u00c9CURIT\u00c9 PRIV\u00c9E\",\"url\":\"https:\/\/jimtosecuriteprivee.com\/\",\"logo\":{\"@type\":\"ImageObject\",\"inLanguage\":\"fr-FR\",\"@id\":\"https:\/\/jimtosecuriteprivee.com\/#\/schema\/logo\/image\/\",\"url\":\"https:\/\/jimtosecuriteprivee.com\/wp-content\/uploads\/job-manager-uploads\/company_logo\/2023\/10\/logo-jimto-PhotoRoom.png\",\"contentUrl\":\"https:\/\/jimtosecuriteprivee.com\/wp-content\/uploads\/job-manager-uploads\/company_logo\/2023\/10\/logo-jimto-PhotoRoom.png\",\"width\":607,\"height\":815,\"caption\":\"JIMTO S\u00c9CURIT\u00c9 PRIV\u00c9E\"},\"image\":{\"@id\":\"https:\/\/jimtosecuriteprivee.com\/#\/schema\/logo\/image\/\"},\"sameAs\":[\"https:\/\/www.facebook.com\/profile.php?id=100068974453959\",\"https:\/\/www.tiktok.com\/@jimto_sf\",\"https:\/\/www.youtube.com\/@JIMTO-SF\"]}]}<\/script>\n<!-- \/ Yoast SEO plugin. -->","yoast_head_json":{"title":"Espace entreprise - JIMTO S\u00c9CURIT\u00c9 PRIV\u00c9E","robots":{"index":"index","follow":"follow","max-snippet":"max-snippet:-1","max-image-preview":"max-image-preview:large","max-video-preview":"max-video-preview:-1"},"canonical":"https:\/\/jimtosecuriteprivee.com\/?page_id=184","og_locale":"fr_FR","og_type":"article","og_title":"Espace entreprise - JIMTO S\u00c9CURIT\u00c9 PRIV\u00c9E","og_description":"Il n\u2019y a pas d\u2019extrait, car cette publication est prot\u00e9g\u00e9e.","og_url":"https:\/\/jimtosecuriteprivee.com\/?page_id=184","og_site_name":"JIMTO S\u00c9CURIT\u00c9 PRIV\u00c9E","article_publisher":"https:\/\/www.facebook.com\/profile.php?id=100068974453959","article_modified_time":"2023-10-12T09:04:33+00:00","twitter_card":"summary_large_image","twitter_misc":{"Dur\u00e9e de lecture estim\u00e9e":"1 minute"},"schema":{"@context":"https:\/\/schema.org","@graph":[{"@type":"WebPage","@id":"https:\/\/jimtosecuriteprivee.com\/?page_id=184","url":"https:\/\/jimtosecuriteprivee.com\/?page_id=184","name":"Espace entreprise - JIMTO S\u00c9CURIT\u00c9 PRIV\u00c9E","isPartOf":{"@id":"https:\/\/jimtosecuriteprivee.com\/#website"},"datePublished":"2023-06-16T07:34:55+00:00","dateModified":"2023-10-12T09:04:33+00:00","breadcrumb":{"@id":"https:\/\/jimtosecuriteprivee.com\/?page_id=184#breadcrumb"},"inLanguage":"fr-FR"},{"@type":"WebSite","@id":"https:\/\/jimtosecuriteprivee.com\/#website","url":"https:\/\/jimtosecuriteprivee.com\/","name":"JIMTO S\u00c9CURIT\u00c9 PRIV\u00c9E","description":"Un site utilisant WordPress","publisher":{"@id":"https:\/\/jimtosecuriteprivee.com\/#organization"},"potentialAction":[{"@type":"SearchAction","target":{"@type":"EntryPoint","urlTemplate":"https:\/\/jimtosecuriteprivee.com\/?s={search_term_string}"},"query-input":{"@type":"PropertyValueSpecification","valueRequired":true,"valueName":"search_term_string"}}],"inLanguage":"fr-FR"},{"@type":"Organization","@id":"https:\/\/jimtosecuriteprivee.com\/#organization","name":"JIMTO S\u00c9CURIT\u00c9 PRIV\u00c9E","url":"https:\/\/jimtosecuriteprivee.com\/","logo":{"@type":"ImageObject","inLanguage":"fr-FR","@id":"https:\/\/jimtosecuriteprivee.com\/#\/schema\/logo\/image\/","url":"https:\/\/jimtosecuriteprivee.com\/wp-content\/uploads\/job-manager-uploads\/company_logo\/2023\/10\/logo-jimto-PhotoRoom.png","contentUrl":"https:\/\/jimtosecuriteprivee.com\/wp-content\/uploads\/job-manager-uploads\/company_logo\/2023\/10\/logo-jimto-PhotoRoom.png","width":607,"height":815,"caption":"JIMTO S\u00c9CURIT\u00c9 PRIV\u00c9E"},"image":{"@id":"https:\/\/jimtosecuriteprivee.com\/#\/schema\/logo\/image\/"},"sameAs":["https:\/\/www.facebook.com\/profile.php?id=100068974453959","https:\/\/www.tiktok.com\/@jimto_sf","https:\/\/www.youtube.com\/@JIMTO-SF"]}]}},"_links":{"self":[{"href":"https:\/\/jimtosecuriteprivee.com\/index.php?rest_route=\/wp\/v2\/pages\/184","targetHints":{"allow":["GET"]}}],"collection":[{"href":"https:\/\/jimtosecuriteprivee.com\/index.php?rest_route=\/wp\/v2\/pages"}],"about":[{"href":"https:\/\/jimtosecuriteprivee.com\/index.php?rest_route=\/wp\/v2\/types\/page"}],"author":[{"embeddable":true,"href":"https:\/\/jimtosecuriteprivee.com\/index.php?rest_route=\/wp\/v2\/users\/6"}],"replies":[{"embeddable":true,"href":"https:\/\/jimtosecuriteprivee.com\/index.php?rest_route=%2Fwp%2Fv2%2Fcomments&post=184"}],"version-history":[{"count":17,"href":"https:\/\/jimtosecuriteprivee.com\/index.php?rest_route=\/wp\/v2\/pages\/184\/revisions"}],"predecessor-version":[{"id":563,"href":"https:\/\/jimtosecuriteprivee.com\/index.php?rest_route=\/wp\/v2\/pages\/184\/revisions\/563"}],"wp:attachment":[{"href":"https:\/\/jimtosecuriteprivee.com\/index.php?rest_route=%2Fwp%2Fv2%2Fmedia&parent=184"}],"curies":[{"name":"wp","href":"https:\/\/api.w.org\/{rel}","templated":true}]}}