{"id":567,"date":"2023-10-12T11:11:33","date_gmt":"2023-10-12T09:11:33","guid":{"rendered":"https:\/\/jimtosecuriteprivee.com\/?page_id=567"},"modified":"2023-10-12T11:11:33","modified_gmt":"2023-10-12T09:11:33","slug":"panier","status":"publish","type":"page","link":"https:\/\/jimtosecuriteprivee.com\/?page_id=567","title":{"rendered":"Panier"},"content":{"rendered":"<div class=\"woocommerce\"><div class=\"text-center pt pb\">\n\t<div class=\"woocommerce-notices-wrapper\"><\/div><div class=\"wc-empty-cart-message\">\n\t<div class=\"woocommerce-info message-wrapper\">\n\t\t<div class=\"message-container container medium-text-center\">\n\t\t\tVotre panier est actuellement vide.\t\t<\/div>\n\t<\/div>\n\t<\/div>\t\t<p class=\"return-to-shop\">\n\t\t\t<a class=\"button primary wc-backward\" href=\"https:\/\/jimtosecuriteprivee.com\/?page_id=566\">\n\t\t\t\tRetour \u00e0 la boutique\t\t\t<\/a>\n\t\t<\/p>\n\t<\/div>\n<\/div>\n","protected":false},"excerpt":{"rendered":"","protected":false},"author":1,"featured_media":0,"parent":0,"menu_order":0,"comment_status":"closed","ping_status":"closed","template":"","meta":{"footnotes":""},"class_list":["post-567","page","type-page","status-publish","hentry"],"yoast_head":"<!-- This site is optimized with the Yoast SEO plugin v27.1.1 - https:\/\/yoast.com\/product\/yoast-seo-wordpress\/ -->\n<title>Panier - JIMTO S\u00c9CURIT\u00c9 PRIV\u00c9E<\/title>\n<meta name=\"robots\" content=\"index, follow, max-snippet:-1, max-image-preview:large, max-video-preview:-1\" \/>\n<link rel=\"canonical\" href=\"https:\/\/jimtosecuriteprivee.com\/?page_id=567\" \/>\n<meta property=\"og:locale\" content=\"fr_FR\" \/>\n<meta property=\"og:type\" content=\"article\" \/>\n<meta property=\"og:title\" content=\"Panier - JIMTO S\u00c9CURIT\u00c9 PRIV\u00c9E\" \/>\n<meta property=\"og:url\" content=\"https:\/\/jimtosecuriteprivee.com\/?page_id=567\" \/>\n<meta property=\"og:site_name\" content=\"JIMTO S\u00c9CURIT\u00c9 PRIV\u00c9E\" \/>\n<meta property=\"article:publisher\" content=\"https:\/\/www.facebook.com\/profile.php?id=100068974453959\" \/>\n<meta name=\"twitter:card\" content=\"summary_large_image\" \/>\n<script type=\"application\/ld+json\" class=\"yoast-schema-graph\">{\"@context\":\"https:\/\/schema.org\",\"@graph\":[{\"@type\":\"WebPage\",\"@id\":\"https:\/\/jimtosecuriteprivee.com\/?page_id=567\",\"url\":\"https:\/\/jimtosecuriteprivee.com\/?page_id=567\",\"name\":\"Panier - JIMTO S\u00c9CURIT\u00c9 PRIV\u00c9E\",\"isPartOf\":{\"@id\":\"https:\/\/jimtosecuriteprivee.com\/#website\"},\"datePublished\":\"2023-10-12T09:11:33+00:00\",\"breadcrumb\":{\"@id\":\"https:\/\/jimtosecuriteprivee.com\/?page_id=567#breadcrumb\"},\"inLanguage\":\"fr-FR\",\"potentialAction\":[{\"@type\":\"ReadAction\",\"target\":[\"https:\/\/jimtosecuriteprivee.com\/?page_id=567\"]}]},{\"@type\":\"BreadcrumbList\",\"@id\":\"https:\/\/jimtosecuriteprivee.com\/?page_id=567#breadcrumb\",\"itemListElement\":[{\"@type\":\"ListItem\",\"position\":1,\"name\":\"Accueil\",\"item\":\"https:\/\/jimtosecuriteprivee.com\/\"},{\"@type\":\"ListItem\",\"position\":2,\"name\":\"Panier\"}]},{\"@type\":\"WebSite\",\"@id\":\"https:\/\/jimtosecuriteprivee.com\/#website\",\"url\":\"https:\/\/jimtosecuriteprivee.com\/\",\"name\":\"JIMTO S\u00c9CURIT\u00c9 PRIV\u00c9E\",\"description\":\"Un site utilisant WordPress\",\"publisher\":{\"@id\":\"https:\/\/jimtosecuriteprivee.com\/#organization\"},\"potentialAction\":[{\"@type\":\"SearchAction\",\"target\":{\"@type\":\"EntryPoint\",\"urlTemplate\":\"https:\/\/jimtosecuriteprivee.com\/?s={search_term_string}\"},\"query-input\":{\"@type\":\"PropertyValueSpecification\",\"valueRequired\":true,\"valueName\":\"search_term_string\"}}],\"inLanguage\":\"fr-FR\"},{\"@type\":\"Organization\",\"@id\":\"https:\/\/jimtosecuriteprivee.com\/#organization\",\"name\":\"JIMTO S\u00c9CURIT\u00c9 PRIV\u00c9E\",\"url\":\"https:\/\/jimtosecuriteprivee.com\/\",\"logo\":{\"@type\":\"ImageObject\",\"inLanguage\":\"fr-FR\",\"@id\":\"https:\/\/jimtosecuriteprivee.com\/#\/schema\/logo\/image\/\",\"url\":\"https:\/\/jimtosecuriteprivee.com\/wp-content\/uploads\/job-manager-uploads\/company_logo\/2023\/10\/logo-jimto-PhotoRoom.png\",\"contentUrl\":\"https:\/\/jimtosecuriteprivee.com\/wp-content\/uploads\/job-manager-uploads\/company_logo\/2023\/10\/logo-jimto-PhotoRoom.png\",\"width\":607,\"height\":815,\"caption\":\"JIMTO S\u00c9CURIT\u00c9 PRIV\u00c9E\"},\"image\":{\"@id\":\"https:\/\/jimtosecuriteprivee.com\/#\/schema\/logo\/image\/\"},\"sameAs\":[\"https:\/\/www.facebook.com\/profile.php?id=100068974453959\",\"https:\/\/www.tiktok.com\/@jimto_sf\",\"https:\/\/www.youtube.com\/@JIMTO-SF\"]}]}<\/script>\n<!-- \/ Yoast SEO plugin. -->","yoast_head_json":{"title":"Panier - JIMTO S\u00c9CURIT\u00c9 PRIV\u00c9E","robots":{"index":"index","follow":"follow","max-snippet":"max-snippet:-1","max-image-preview":"max-image-preview:large","max-video-preview":"max-video-preview:-1"},"canonical":"https:\/\/jimtosecuriteprivee.com\/?page_id=567","og_locale":"fr_FR","og_type":"article","og_title":"Panier - JIMTO S\u00c9CURIT\u00c9 PRIV\u00c9E","og_url":"https:\/\/jimtosecuriteprivee.com\/?page_id=567","og_site_name":"JIMTO S\u00c9CURIT\u00c9 PRIV\u00c9E","article_publisher":"https:\/\/www.facebook.com\/profile.php?id=100068974453959","twitter_card":"summary_large_image","schema":{"@context":"https:\/\/schema.org","@graph":[{"@type":"WebPage","@id":"https:\/\/jimtosecuriteprivee.com\/?page_id=567","url":"https:\/\/jimtosecuriteprivee.com\/?page_id=567","name":"Panier - JIMTO S\u00c9CURIT\u00c9 PRIV\u00c9E","isPartOf":{"@id":"https:\/\/jimtosecuriteprivee.com\/#website"},"datePublished":"2023-10-12T09:11:33+00:00","breadcrumb":{"@id":"https:\/\/jimtosecuriteprivee.com\/?page_id=567#breadcrumb"},"inLanguage":"fr-FR","potentialAction":[{"@type":"ReadAction","target":["https:\/\/jimtosecuriteprivee.com\/?page_id=567"]}]},{"@type":"BreadcrumbList","@id":"https:\/\/jimtosecuriteprivee.com\/?page_id=567#breadcrumb","itemListElement":[{"@type":"ListItem","position":1,"name":"Accueil","item":"https:\/\/jimtosecuriteprivee.com\/"},{"@type":"ListItem","position":2,"name":"Panier"}]},{"@type":"WebSite","@id":"https:\/\/jimtosecuriteprivee.com\/#website","url":"https:\/\/jimtosecuriteprivee.com\/","name":"JIMTO S\u00c9CURIT\u00c9 PRIV\u00c9E","description":"Un site utilisant WordPress","publisher":{"@id":"https:\/\/jimtosecuriteprivee.com\/#organization"},"potentialAction":[{"@type":"SearchAction","target":{"@type":"EntryPoint","urlTemplate":"https:\/\/jimtosecuriteprivee.com\/?s={search_term_string}"},"query-input":{"@type":"PropertyValueSpecification","valueRequired":true,"valueName":"search_term_string"}}],"inLanguage":"fr-FR"},{"@type":"Organization","@id":"https:\/\/jimtosecuriteprivee.com\/#organization","name":"JIMTO S\u00c9CURIT\u00c9 PRIV\u00c9E","url":"https:\/\/jimtosecuriteprivee.com\/","logo":{"@type":"ImageObject","inLanguage":"fr-FR","@id":"https:\/\/jimtosecuriteprivee.com\/#\/schema\/logo\/image\/","url":"https:\/\/jimtosecuriteprivee.com\/wp-content\/uploads\/job-manager-uploads\/company_logo\/2023\/10\/logo-jimto-PhotoRoom.png","contentUrl":"https:\/\/jimtosecuriteprivee.com\/wp-content\/uploads\/job-manager-uploads\/company_logo\/2023\/10\/logo-jimto-PhotoRoom.png","width":607,"height":815,"caption":"JIMTO S\u00c9CURIT\u00c9 PRIV\u00c9E"},"image":{"@id":"https:\/\/jimtosecuriteprivee.com\/#\/schema\/logo\/image\/"},"sameAs":["https:\/\/www.facebook.com\/profile.php?id=100068974453959","https:\/\/www.tiktok.com\/@jimto_sf","https:\/\/www.youtube.com\/@JIMTO-SF"]}]}},"_links":{"self":[{"href":"https:\/\/jimtosecuriteprivee.com\/index.php?rest_route=\/wp\/v2\/pages\/567","targetHints":{"allow":["GET"]}}],"collection":[{"href":"https:\/\/jimtosecuriteprivee.com\/index.php?rest_route=\/wp\/v2\/pages"}],"about":[{"href":"https:\/\/jimtosecuriteprivee.com\/index.php?rest_route=\/wp\/v2\/types\/page"}],"author":[{"embeddable":true,"href":"https:\/\/jimtosecuriteprivee.com\/index.php?rest_route=\/wp\/v2\/users\/1"}],"replies":[{"embeddable":true,"href":"https:\/\/jimtosecuriteprivee.com\/index.php?rest_route=%2Fwp%2Fv2%2Fcomments&post=567"}],"version-history":[{"count":0,"href":"https:\/\/jimtosecuriteprivee.com\/index.php?rest_route=\/wp\/v2\/pages\/567\/revisions"}],"wp:attachment":[{"href":"https:\/\/jimtosecuriteprivee.com\/index.php?rest_route=%2Fwp%2Fv2%2Fmedia&parent=567"}],"curies":[{"name":"wp","href":"https:\/\/api.w.org\/{rel}","templated":true}]}}